{"id":14,"date":"2017-09-05T11:21:17","date_gmt":"2017-09-05T09:21:17","guid":{"rendered":"http:\/\/lhkakel.hemhosting.se\/?page_id=14"},"modified":"2025-08-23T20:55:41","modified_gmt":"2025-08-23T18:55:41","slug":"startsida","status":"publish","type":"page","link":"https:\/\/lindholm-kakelugnar.com\/en\/","title":{"rendered":"Startsida"},"content":{"rendered":"<div id=\"pl-14\"  class=\"panel-layout\" ><div id=\"pg-14-0\"  class=\"panel-grid panel-no-style\" ><div id=\"pgc-14-0-0\"  class=\"panel-grid-cell\" ><div id=\"panel-14-0-0-0\" class=\"so-panel widget widget_siteorigin-panels-builder panel-first-child panel-last-child\" data-index=\"0\" ><div class=\"panel-widget-style panel-widget-style-for-14-0-0-0\" ><div id=\"pl-w688c877385913\"  class=\"panel-layout\" ><div id=\"pg-w688c877385913-0\"  class=\"panel-grid panel-has-style\" ><div class=\"panel-row-style panel-row-style-for-w688c877385913-0\" ><div id=\"pgc-w688c877385913-0-0\"  class=\"panel-grid-cell\" ><div id=\"panel-w688c877385913-0-0-0\" class=\"so-panel widget widget_sow-editor panel-first-child panel-last-child\" data-index=\"0\" ><div\n\t\t\t\n\t\t\tclass=\"so-widget-sow-editor so-widget-sow-editor-base\"\n\t\t\t\n\t\t>\n<div class=\"siteorigin-widget-tinymce textwidget\">\n\t<h1>We sell and install antique tiled stoves<\/h1>\n<p>Welcome to Lindholm Kakelugnar  \u2013 We are specialists in antique tiled stoves and work with  sale and installation of old stoves, both in Sweden and abroad. For over 45 years we have been decorating our customers' homes with beautiful cultural treasures. Our company is located in Varberg but we operate throughout Sweden and also abroad. Our skilled stove builder has extensive experience in the profession and has installed over 800 antique tiled stoves for our customers.<\/p>\n<\/div>\n<\/div><\/div><\/div><\/div><\/div><div id=\"pg-w688c877385913-1\"  class=\"panel-grid panel-has-style\" ><div class=\"panel-row-style panel-row-style-for-w688c877385913-1\" ><div id=\"pgc-w688c877385913-1-0\"  class=\"panel-grid-cell\" ><div id=\"panel-w688c877385913-1-0-0\" class=\"so-panel widget widget_sow-editor panel-first-child panel-last-child\" data-index=\"1\" ><div\n\t\t\t\n\t\t\tclass=\"so-widget-sow-editor so-widget-sow-editor-base\"\n\t\t\t\n\t\t>\n<div class=\"siteorigin-widget-tinymce textwidget\">\n\t<h2>Wide range of tiled stoves<\/h2>\n<p>The range includes everything from beautifully painted 18th-century ovens to green-splashed handmade models with shimmering lead glaze, but also factory-made objects from the period 1860-1915. All of our ovens are 100 years old or older and, with a few exceptions, only exist in one copy.<\/p>\n<p>We have around 150 tiled stoves for sale, many of which are presented here on our website. Here you will find a wide range: all-white, white with coloured borders and all-coloured. Both plain tiles and beautifully ornamented ones. From simple round models, to lavishly lavish tiled stoves. Under the heading \u201ctiled stoves\u201d in the menu we present all the stoves that we have in our range, here you can choose between round, columnar, rectangular. We also have a special section for our specialty, artisanal stoves. These tiled stoves were made by a local tiled stove maker in the countryside, not infrequently on the west coast.<\/p>\n<\/div>\n<\/div><\/div><\/div><div id=\"pgc-w688c877385913-1-1\"  class=\"panel-grid-cell\" ><div id=\"panel-w688c877385913-1-1-0\" class=\"so-panel widget widget_media_image panel-first-child panel-last-child\" data-index=\"2\" ><img loading=\"lazy\" decoding=\"async\" width=\"900\" height=\"606\" src=\"https:\/\/lindholm-kakelugnar.com\/wp-content\/uploads\/2017\/12\/Bildspel-hemsida-2-1-1024x690.jpg\" class=\"image wp-image-3122  attachment-large size-large\" alt=\"\" style=\"max-width: 100%; height: auto;\" srcset=\"https:\/\/lindholm-kakelugnar.com\/wp-content\/uploads\/2017\/12\/Bildspel-hemsida-2-1-1024x690.jpg 1024w, https:\/\/lindholm-kakelugnar.com\/wp-content\/uploads\/2017\/12\/Bildspel-hemsida-2-1-400x269.jpg 400w, https:\/\/lindholm-kakelugnar.com\/wp-content\/uploads\/2017\/12\/Bildspel-hemsida-2-1-300x202.jpg 300w, https:\/\/lindholm-kakelugnar.com\/wp-content\/uploads\/2017\/12\/Bildspel-hemsida-2-1-768x517.jpg 768w, https:\/\/lindholm-kakelugnar.com\/wp-content\/uploads\/2017\/12\/Bildspel-hemsida-2-1-272x182.jpg 272w, https:\/\/lindholm-kakelugnar.com\/wp-content\/uploads\/2017\/12\/Bildspel-hemsida-2-1.jpg 1434w\" sizes=\"auto, (max-width: 900px) 100vw, 900px\" \/><\/div><\/div><\/div><\/div><div id=\"pg-w688c877385913-2\"  class=\"panel-grid panel-has-style\" ><div class=\"panel-row-style panel-row-style-for-w688c877385913-2\" ><div id=\"pgc-w688c877385913-2-0\"  class=\"panel-grid-cell\" ><div id=\"panel-w688c877385913-2-0-0\" class=\"so-panel widget widget_sow-editor panel-first-child panel-last-child\" data-index=\"3\" ><div\n\t\t\t\n\t\t\tclass=\"so-widget-sow-editor so-widget-sow-editor-base\"\n\t\t\t\n\t\t>\n<div class=\"siteorigin-widget-tinymce textwidget\">\n\t<h2 class=\"sow-headline\" style=\"text-align: center;\">Find your tiled stove here<\/h2>\n<p style=\"text-align: center;\" class=\"translation-block\">With us you can choose from several different types of tiled stoves, we have both <a href=\"https:\/\/lindholm-kakelugnar.com\/en\/category\/round\/\" target=\"_self\">round<\/a>, <a href=\"https:\/\/lindholm-kakelugnar.com\/en\/category\/rectangular\/\" target=\"_self\">rectangular<\/a> and <a href=\"https:\/\/lindholm-kakelugnar.com\/\/en\/category\/column\/\" target=\"_self\">column stoves<\/a>. Factory-made or older <a href=\"https:\/\/lindholm-kakelugnar.com\/en\/category\/handmade\/\" target=\"_self\">handmade tiled stoves<\/a>, manufactured before 1850.<\/p>\n<\/div>\n<\/div><\/div><\/div><\/div><\/div><div id=\"pg-w688c877385913-3\"  class=\"panel-grid panel-no-style\" ><div id=\"pgc-w688c877385913-3-0\"  class=\"panel-grid-cell\" ><div id=\"panel-w688c877385913-3-0-0\" class=\"so-panel widget widget_sow-image panel-first-child\" data-index=\"4\" ><div\n\t\t\t\n\t\t\tclass=\"so-widget-sow-image so-widget-sow-image-default-c67d20f9f743\"\n\t\t\t\n\t\t>\n<div class=\"sow-image-container\">\n\t\t\t<a href=\"\/en\/category\/round\/\"\n\t\t\t\t\t>\n\t\t\t<img \n\tsrc=\"https:\/\/lindholm-kakelugnar.com\/wp-content\/uploads\/2025\/02\/kategori-runda.jpg\" width=\"1000\" height=\"1000\" srcset=\"https:\/\/lindholm-kakelugnar.com\/wp-content\/uploads\/2025\/02\/kategori-runda.jpg 1000w, https:\/\/lindholm-kakelugnar.com\/wp-content\/uploads\/2025\/02\/kategori-runda-400x400.jpg 400w, https:\/\/lindholm-kakelugnar.com\/wp-content\/uploads\/2025\/02\/kategori-runda-100x100.jpg 100w, https:\/\/lindholm-kakelugnar.com\/wp-content\/uploads\/2025\/02\/kategori-runda-300x300.jpg 300w, https:\/\/lindholm-kakelugnar.com\/wp-content\/uploads\/2025\/02\/kategori-runda-150x150.jpg 150w, https:\/\/lindholm-kakelugnar.com\/wp-content\/uploads\/2025\/02\/kategori-runda-768x768.jpg 768w\" sizes=\"(max-width: 1000px) 100vw, 1000px\" title=\"Round tiled stoves\" alt=\"Round tiled stoves\" \t\tclass=\"so-widget-image\"\/>\n\t\t\t<\/a><\/div>\n\n<\/div><\/div><div id=\"panel-w688c877385913-3-0-1\" class=\"so-panel widget widget_sow-headline panel-last-child\" data-index=\"5\" ><div\n\t\t\t\n\t\t\tclass=\"so-widget-sow-headline so-widget-sow-headline-default-bcf1eb753ed7\"\n\t\t\t\n\t\t><div class=\"sow-headline-container\">\n\t\t\t\t\t\t\t<h3 class=\"sow-headline\">\n\t\t\t\t\t\tRound\t\t\t\t\t\t<\/h3>\n\t\t\t\t\t\t\t\t\t\t\t<div class=\"decoration\">\n\t\t\t\t\t\t<div class=\"decoration-inside\"><\/div>\n\t\t\t\t\t<\/div>\n\t\t\t\t\t<\/div>\n<\/div><\/div><\/div><div id=\"pgc-w688c877385913-3-1\"  class=\"panel-grid-cell\" ><div id=\"panel-w688c877385913-3-1-0\" class=\"so-panel widget widget_sow-image panel-first-child\" data-index=\"6\" ><div\n\t\t\t\n\t\t\tclass=\"so-widget-sow-image so-widget-sow-image-default-c67d20f9f743\"\n\t\t\t\n\t\t>\n<div class=\"sow-image-container\">\n\t\t\t<a href=\"\/en\/category\/column\/\"\n\t\t\t\t\t>\n\t\t\t<img \n\tsrc=\"https:\/\/lindholm-kakelugnar.com\/wp-content\/uploads\/2025\/02\/kategori-kolonn.jpg\" width=\"1000\" height=\"1000\" srcset=\"https:\/\/lindholm-kakelugnar.com\/wp-content\/uploads\/2025\/02\/kategori-kolonn.jpg 1000w, https:\/\/lindholm-kakelugnar.com\/wp-content\/uploads\/2025\/02\/kategori-kolonn-400x400.jpg 400w, https:\/\/lindholm-kakelugnar.com\/wp-content\/uploads\/2025\/02\/kategori-kolonn-100x100.jpg 100w, https:\/\/lindholm-kakelugnar.com\/wp-content\/uploads\/2025\/02\/kategori-kolonn-300x300.jpg 300w, https:\/\/lindholm-kakelugnar.com\/wp-content\/uploads\/2025\/02\/kategori-kolonn-150x150.jpg 150w, https:\/\/lindholm-kakelugnar.com\/wp-content\/uploads\/2025\/02\/kategori-kolonn-768x768.jpg 768w\" sizes=\"(max-width: 1000px) 100vw, 1000px\" title=\"Column tile stoves\" alt=\"Column tile stoves\" \t\tclass=\"so-widget-image\"\/>\n\t\t\t<\/a><\/div>\n\n<\/div><\/div><div id=\"panel-w688c877385913-3-1-1\" class=\"so-panel widget widget_sow-headline panel-last-child\" data-index=\"7\" ><div\n\t\t\t\n\t\t\tclass=\"so-widget-sow-headline so-widget-sow-headline-default-98dc6fff397f\"\n\t\t\t\n\t\t><div class=\"sow-headline-container\">\n\t\t\t\t\t\t\t<h3 class=\"sow-headline\">\n\t\t\t\t\t\tColumn\t\t\t\t\t\t<\/h3>\n\t\t\t\t\t\t\t\t\t\t\t<div class=\"decoration\">\n\t\t\t\t\t\t<div class=\"decoration-inside\"><\/div>\n\t\t\t\t\t<\/div>\n\t\t\t\t\t<\/div>\n<\/div><\/div><\/div><div id=\"pgc-w688c877385913-3-2\"  class=\"panel-grid-cell\" ><div id=\"panel-w688c877385913-3-2-0\" class=\"so-panel widget widget_sow-image panel-first-child\" data-index=\"8\" ><div\n\t\t\t\n\t\t\tclass=\"so-widget-sow-image so-widget-sow-image-default-c67d20f9f743\"\n\t\t\t\n\t\t>\n<div class=\"sow-image-container\">\n\t\t\t<a href=\"\/en\/category\/rectangular\/\"\n\t\t\t\t\t>\n\t\t\t<img \n\tsrc=\"https:\/\/lindholm-kakelugnar.com\/wp-content\/uploads\/2025\/02\/kategori-rektang.jpg\" width=\"1000\" height=\"1000\" srcset=\"https:\/\/lindholm-kakelugnar.com\/wp-content\/uploads\/2025\/02\/kategori-rektang.jpg 1000w, https:\/\/lindholm-kakelugnar.com\/wp-content\/uploads\/2025\/02\/kategori-rektang-400x400.jpg 400w, https:\/\/lindholm-kakelugnar.com\/wp-content\/uploads\/2025\/02\/kategori-rektang-100x100.jpg 100w, https:\/\/lindholm-kakelugnar.com\/wp-content\/uploads\/2025\/02\/kategori-rektang-300x300.jpg 300w, https:\/\/lindholm-kakelugnar.com\/wp-content\/uploads\/2025\/02\/kategori-rektang-150x150.jpg 150w, https:\/\/lindholm-kakelugnar.com\/wp-content\/uploads\/2025\/02\/kategori-rektang-768x768.jpg 768w\" sizes=\"(max-width: 1000px) 100vw, 1000px\" title=\"Rectangular tiled stoves\" alt=\"Rectangular tiled stoves\" \t\tclass=\"so-widget-image\"\/>\n\t\t\t<\/a><\/div>\n\n<\/div><\/div><div id=\"panel-w688c877385913-3-2-1\" class=\"so-panel widget widget_sow-headline panel-last-child\" data-index=\"9\" ><div\n\t\t\t\n\t\t\tclass=\"so-widget-sow-headline so-widget-sow-headline-default-98dc6fff397f\"\n\t\t\t\n\t\t><div class=\"sow-headline-container\">\n\t\t\t\t\t\t\t<h3 class=\"sow-headline\">\n\t\t\t\t\t\tRectangular\t\t\t\t\t\t<\/h3>\n\t\t\t\t\t\t\t\t\t\t\t<div class=\"decoration\">\n\t\t\t\t\t\t<div class=\"decoration-inside\"><\/div>\n\t\t\t\t\t<\/div>\n\t\t\t\t\t<\/div>\n<\/div><\/div><\/div><div id=\"pgc-w688c877385913-3-3\"  class=\"panel-grid-cell\" ><div id=\"panel-w688c877385913-3-3-0\" class=\"so-panel widget widget_sow-image panel-first-child\" data-index=\"10\" ><div\n\t\t\t\n\t\t\tclass=\"so-widget-sow-image so-widget-sow-image-default-c67d20f9f743\"\n\t\t\t\n\t\t>\n<div class=\"sow-image-container\">\n\t\t\t<a href=\"\/en\/category\/handmade\/\"\n\t\t\t\t\t>\n\t\t\t<img \n\tsrc=\"https:\/\/lindholm-kakelugnar.com\/wp-content\/uploads\/2025\/02\/kategori-hantverk.jpg\" width=\"1000\" height=\"1000\" srcset=\"https:\/\/lindholm-kakelugnar.com\/wp-content\/uploads\/2025\/02\/kategori-hantverk.jpg 1000w, https:\/\/lindholm-kakelugnar.com\/wp-content\/uploads\/2025\/02\/kategori-hantverk-400x400.jpg 400w, https:\/\/lindholm-kakelugnar.com\/wp-content\/uploads\/2025\/02\/kategori-hantverk-100x100.jpg 100w, https:\/\/lindholm-kakelugnar.com\/wp-content\/uploads\/2025\/02\/kategori-hantverk-300x300.jpg 300w, https:\/\/lindholm-kakelugnar.com\/wp-content\/uploads\/2025\/02\/kategori-hantverk-150x150.jpg 150w, https:\/\/lindholm-kakelugnar.com\/wp-content\/uploads\/2025\/02\/kategori-hantverk-768x768.jpg 768w\" sizes=\"(max-width: 1000px) 100vw, 1000px\" title=\"Handmade\" alt=\"Handmade\" \t\tclass=\"so-widget-image\"\/>\n\t\t\t<\/a><\/div>\n\n<\/div><\/div><div id=\"panel-w688c877385913-3-3-1\" class=\"so-panel widget widget_sow-headline panel-last-child\" data-index=\"11\" ><div\n\t\t\t\n\t\t\tclass=\"so-widget-sow-headline so-widget-sow-headline-default-98dc6fff397f\"\n\t\t\t\n\t\t><div class=\"sow-headline-container\">\n\t\t\t\t\t\t\t<h3 class=\"sow-headline\">\n\t\t\t\t\t\tHandmade\t\t\t\t\t\t<\/h3>\n\t\t\t\t\t\t\t\t\t\t\t<div class=\"decoration\">\n\t\t\t\t\t\t<div class=\"decoration-inside\"><\/div>\n\t\t\t\t\t<\/div>\n\t\t\t\t\t<\/div>\n<\/div><\/div><\/div><\/div><div id=\"pg-w688c877385913-4\"  class=\"panel-grid panel-has-style\" ><div class=\"so-rounded panel-row-style panel-row-style-for-w688c877385913-4\" ><div id=\"pgc-w688c877385913-4-0\"  class=\"panel-grid-cell\" ><div id=\"panel-w688c877385913-4-0-0\" class=\"so-panel widget widget_sow-editor panel-first-child\" data-index=\"12\" ><div class=\"so-rounded panel-widget-style panel-widget-style-for-w688c877385913-4-0-0\" ><div\n\t\t\t\n\t\t\tclass=\"so-widget-sow-editor so-widget-sow-editor-base\"\n\t\t\t\n\t\t>\n<div class=\"siteorigin-widget-tinymce textwidget\">\n\t<h2 style=\"text-align: center;\">FAQ<\/h2>\n<p style=\"text-align: center;\">Find the answers to the most common questions we receive.<\/p>\n<\/div>\n<\/div><\/div><\/div><div id=\"panel-w688c877385913-4-0-1\" class=\"so-panel widget widget_sow-button panel-last-child\" data-index=\"13\" ><div\n\t\t\t\n\t\t\tclass=\"so-widget-sow-button so-widget-sow-button-atom-7f2234620e24\"\n\t\t\t\n\t\t><div class=\"ow-button-base ow-button-align-center\"\n>\n\t\t\t<a\n\t\t\t\t\thref=\"\/en\/faq\/\"\n\t\t\t\t\tclass=\"sowb-button ow-icon-placement-left ow-button-hover\" \t>\n\t\t<span>\n\t\t\t\n\t\t\tFind answers\t\t<\/span>\n\t\t\t<\/a>\n\t<\/div>\n<\/div><\/div><\/div><\/div><\/div><div id=\"pg-w688c877385913-5\"  class=\"panel-grid panel-has-style\" ><div class=\"panel-row-style panel-row-style-for-w688c877385913-5\" ><div id=\"pgc-w688c877385913-5-0\"  class=\"panel-grid-cell\" ><div id=\"panel-w688c877385913-5-0-0\" class=\"so-panel widget widget_media_image panel-first-child panel-last-child\" data-index=\"14\" ><img loading=\"lazy\" decoding=\"async\" width=\"900\" height=\"600\" src=\"https:\/\/lindholm-kakelugnar.com\/wp-content\/uploads\/2017\/12\/Bildspel-hemsida-3-1-1024x683.jpg\" class=\"image wp-image-3123  attachment-large size-large\" alt=\"Antique tiled stove\" style=\"max-width: 100%; height: auto;\" srcset=\"https:\/\/lindholm-kakelugnar.com\/wp-content\/uploads\/2017\/12\/Bildspel-hemsida-3-1-1024x683.jpg 1024w, https:\/\/lindholm-kakelugnar.com\/wp-content\/uploads\/2017\/12\/Bildspel-hemsida-3-1-400x267.jpg 400w, https:\/\/lindholm-kakelugnar.com\/wp-content\/uploads\/2017\/12\/Bildspel-hemsida-3-1-300x200.jpg 300w, https:\/\/lindholm-kakelugnar.com\/wp-content\/uploads\/2017\/12\/Bildspel-hemsida-3-1-768x512.jpg 768w, https:\/\/lindholm-kakelugnar.com\/wp-content\/uploads\/2017\/12\/Bildspel-hemsida-3-1-272x182.jpg 272w, https:\/\/lindholm-kakelugnar.com\/wp-content\/uploads\/2017\/12\/Bildspel-hemsida-3-1.jpg 1434w\" sizes=\"auto, (max-width: 900px) 100vw, 900px\" \/><\/div><\/div><div id=\"pgc-w688c877385913-5-1\"  class=\"panel-grid-cell\" ><div id=\"panel-w688c877385913-5-1-0\" class=\"so-panel widget widget_sow-editor panel-first-child panel-last-child\" data-index=\"15\" ><div\n\t\t\t\n\t\t\tclass=\"so-widget-sow-editor so-widget-sow-editor-base\"\n\t\t\t\n\t\t>\n<div class=\"siteorigin-widget-tinymce textwidget\">\n\t<h2>Buy a tiled stove<\/h2>\n<p>A tiled stove is a beautiful piece of furniture that not only enhances the home but also reduces heating costs. Tiled stoves have a very high efficiency, up to 90% has been measured. The large amount of bricks in a tiled stove stores the heat of the fire much longer than in a regular stove. Investing in a tiled stove is a good deal, it saves money and increases the value of your home.<\/p>\n<p>When you have found your dream stove on our website, email us the stove number and we will get back to you with a price for the stove and possible installation. When distances are long, it may be worth hiring a local stove maker for the installation, which is why we sell our stoves with or without installation.<\/p>\n<\/div>\n<\/div><\/div><\/div><\/div><\/div><\/div><\/div><\/div><\/div><\/div><\/div>","protected":false},"excerpt":{"rendered":"<p>Vi s\u00e4ljer och monterar antika kakelugnar V\u00e4lkommen till Lindholm Kakelugnar \u2013 Vi \u00e4r specialister p\u00e5 antika kakelugnar och arbetar med f\u00f6rs\u00e4ljning och montering av gamla ugnar, b\u00e5de i Sverige och utomlands. I \u00f6ver 45 \u00e5r har vi f\u00f6rgyllt v\u00e5ra kunders hem med vackra kulturskatter. V\u00e5ra kunder \u00e4r b\u00e5de privatpersoner, f\u00f6retag och bostadsr\u00e4ttsf\u00f6reningar. Vi utf\u00f6r alla [&hellip;]<\/p>\n","protected":false},"author":4,"featured_media":0,"parent":0,"menu_order":0,"comment_status":"closed","ping_status":"closed","template":"","meta":{"footnotes":""},"class_list":["post-14","page","type-page","status-publish","hentry"],"yoast_head":"<!-- This site is optimized with the Yoast SEO plugin v27.3 - https:\/\/yoast.com\/product\/yoast-seo-wordpress\/ -->\n<title>Kakelugn - Mer \u00e4n 100 vackra kakelugnar i lager.<\/title>\n<meta name=\"description\" content=\"Hitta din antika kakelugn h\u00e4r och l\u00e5t v\u00e5r erfarne kakelugnsmakare montera den i ditt hem. Vi \u00e4r specialister p\u00e5 antika svenska kakelugnar och har arbetat med montering och f\u00f6rs\u00e4ljning i 45 \u00e5r.\" \/>\n<meta name=\"robots\" content=\"index, follow, max-snippet:-1, max-image-preview:large, max-video-preview:-1\" \/>\n<link rel=\"canonical\" href=\"https:\/\/lindholm-kakelugnar.com\/en\/\" \/>\n<meta property=\"og:locale\" content=\"en_GB\" \/>\n<meta property=\"og:type\" content=\"article\" \/>\n<meta property=\"og:title\" content=\"Kakelugn - Mer \u00e4n 100 vackra kakelugnar i lager.\" \/>\n<meta property=\"og:description\" content=\"Hitta din antika kakelugn h\u00e4r och l\u00e5t v\u00e5r erfarne kakelugnsmakare montera den i ditt hem. Vi \u00e4r specialister p\u00e5 antika svenska kakelugnar och har arbetat med montering och f\u00f6rs\u00e4ljning i 45 \u00e5r.\" \/>\n<meta property=\"og:url\" content=\"https:\/\/lindholm-kakelugnar.com\/en\/\" \/>\n<meta property=\"og:site_name\" content=\"Lindholm Kakelugnar\" \/>\n<meta property=\"article:publisher\" content=\"https:\/\/www.facebook.com\/LindholmKakelugnar\/\" \/>\n<meta property=\"article:modified_time\" content=\"2025-08-23T18:55:41+00:00\" \/>\n<meta name=\"twitter:card\" content=\"summary_large_image\" \/>\n<meta name=\"twitter:label1\" content=\"Estimated reading time\" \/>\n\t<meta name=\"twitter:data1\" content=\"3 minutes\" \/>\n<script type=\"application\/ld+json\" class=\"yoast-schema-graph\">{\"@context\":\"https:\\\/\\\/schema.org\",\"@graph\":[{\"@type\":\"WebPage\",\"@id\":\"https:\\\/\\\/lindholm-kakelugnar.com\\\/\",\"url\":\"https:\\\/\\\/lindholm-kakelugnar.com\\\/\",\"name\":\"Kakelugn - Mer \u00e4n 100 vackra kakelugnar i lager.\",\"isPartOf\":{\"@id\":\"https:\\\/\\\/lindholm-kakelugnar.com\\\/#website\"},\"datePublished\":\"2017-09-05T09:21:17+00:00\",\"dateModified\":\"2025-08-23T18:55:41+00:00\",\"description\":\"Hitta din antika kakelugn h\u00e4r och l\u00e5t v\u00e5r erfarne kakelugnsmakare montera den i ditt hem. Vi \u00e4r specialister p\u00e5 antika svenska kakelugnar och har arbetat med montering och f\u00f6rs\u00e4ljning i 45 \u00e5r.\",\"breadcrumb\":{\"@id\":\"https:\\\/\\\/lindholm-kakelugnar.com\\\/#breadcrumb\"},\"inLanguage\":\"en-GB\",\"potentialAction\":[{\"@type\":\"ReadAction\",\"target\":[\"https:\\\/\\\/lindholm-kakelugnar.com\\\/\"]}]},{\"@type\":\"BreadcrumbList\",\"@id\":\"https:\\\/\\\/lindholm-kakelugnar.com\\\/#breadcrumb\",\"itemListElement\":[{\"@type\":\"ListItem\",\"position\":1,\"name\":\"Start\",\"item\":\"https:\\\/\\\/lindholm-kakelugnar.com\\\/\"},{\"@type\":\"ListItem\",\"position\":2,\"name\":\"Startsida\"}]},{\"@type\":\"WebSite\",\"@id\":\"https:\\\/\\\/lindholm-kakelugnar.com\\\/#website\",\"url\":\"https:\\\/\\\/lindholm-kakelugnar.com\\\/\",\"name\":\"Lindholm Kakelugnar\",\"description\":\"S\u00e4ljer och monterar antika kakelugnar\",\"publisher\":{\"@id\":\"https:\\\/\\\/lindholm-kakelugnar.com\\\/#organization\"},\"potentialAction\":[{\"@type\":\"SearchAction\",\"target\":{\"@type\":\"EntryPoint\",\"urlTemplate\":\"https:\\\/\\\/lindholm-kakelugnar.com\\\/?s={search_term_string}\"},\"query-input\":{\"@type\":\"PropertyValueSpecification\",\"valueRequired\":true,\"valueName\":\"search_term_string\"}}],\"inLanguage\":\"en-GB\"},{\"@type\":\"Organization\",\"@id\":\"https:\\\/\\\/lindholm-kakelugnar.com\\\/#organization\",\"name\":\"Lindholm Kakelugnar\",\"alternateName\":\"Lindholms\",\"url\":\"https:\\\/\\\/lindholm-kakelugnar.com\\\/\",\"logo\":{\"@type\":\"ImageObject\",\"inLanguage\":\"en-GB\",\"@id\":\"https:\\\/\\\/lindholm-kakelugnar.com\\\/#\\\/schema\\\/logo\\\/image\\\/\",\"url\":\"https:\\\/\\\/lindholm-kakelugnar.com\\\/wp-content\\\/uploads\\\/2025\\\/02\\\/favicon-lindholm.png\",\"contentUrl\":\"https:\\\/\\\/lindholm-kakelugnar.com\\\/wp-content\\\/uploads\\\/2025\\\/02\\\/favicon-lindholm.png\",\"width\":512,\"height\":512,\"caption\":\"Lindholm Kakelugnar\"},\"image\":{\"@id\":\"https:\\\/\\\/lindholm-kakelugnar.com\\\/#\\\/schema\\\/logo\\\/image\\\/\"},\"sameAs\":[\"https:\\\/\\\/www.facebook.com\\\/LindholmKakelugnar\\\/\"]}]}<\/script>\n<!-- \/ Yoast SEO plugin. -->","yoast_head_json":{"title":"Tiled stove - More than 100 beautiful tiled stoves in stock.","description":"Find your antique tiled stove here and let our experienced tiled stove maker install it in your home. We are specialists in antique Swedish tiled stoves and have worked with installation and sales for 45 years.","robots":{"index":"index","follow":"follow","max-snippet":"max-snippet:-1","max-image-preview":"max-image-preview:large","max-video-preview":"max-video-preview:-1"},"canonical":"https:\/\/lindholm-kakelugnar.com\/en\/","og_locale":"en_GB","og_type":"article","og_title":"Kakelugn - Mer \u00e4n 100 vackra kakelugnar i lager.","og_description":"Hitta din antika kakelugn h\u00e4r och l\u00e5t v\u00e5r erfarne kakelugnsmakare montera den i ditt hem. Vi \u00e4r specialister p\u00e5 antika svenska kakelugnar och har arbetat med montering och f\u00f6rs\u00e4ljning i 45 \u00e5r.","og_url":"https:\/\/lindholm-kakelugnar.com\/en\/","og_site_name":"Lindholm Kakelugnar","article_publisher":"https:\/\/www.facebook.com\/LindholmKakelugnar\/","article_modified_time":"2025-08-23T18:55:41+00:00","twitter_card":"summary_large_image","twitter_misc":{"Estimated reading time":"3 minutes"},"schema":{"@context":"https:\/\/schema.org","@graph":[{"@type":"WebPage","@id":"https:\/\/lindholm-kakelugnar.com\/","url":"https:\/\/lindholm-kakelugnar.com\/","name":"Tiled stove - More than 100 beautiful tiled stoves in stock.","isPartOf":{"@id":"https:\/\/lindholm-kakelugnar.com\/#website"},"datePublished":"2017-09-05T09:21:17+00:00","dateModified":"2025-08-23T18:55:41+00:00","description":"Find your antique tiled stove here and let our experienced tiled stove maker install it in your home. We are specialists in antique Swedish tiled stoves and have worked with installation and sales for 45 years.","breadcrumb":{"@id":"https:\/\/lindholm-kakelugnar.com\/#breadcrumb"},"inLanguage":"en-GB","potentialAction":[{"@type":"ReadAction","target":["https:\/\/lindholm-kakelugnar.com\/"]}]},{"@type":"BreadcrumbList","@id":"https:\/\/lindholm-kakelugnar.com\/#breadcrumb","itemListElement":[{"@type":"ListItem","position":1,"name":"Start","item":"https:\/\/lindholm-kakelugnar.com\/"},{"@type":"ListItem","position":2,"name":"Startsida"}]},{"@type":"WebSite","@id":"https:\/\/lindholm-kakelugnar.com\/#website","url":"https:\/\/lindholm-kakelugnar.com\/","name":"Lindholm Kakelugnar","description":"Selling and installing antique tiled stoves","publisher":{"@id":"https:\/\/lindholm-kakelugnar.com\/#organization"},"potentialAction":[{"@type":"SearchAction","target":{"@type":"EntryPoint","urlTemplate":"https:\/\/lindholm-kakelugnar.com\/?s={search_term_string}"},"query-input":{"@type":"PropertyValueSpecification","valueRequired":true,"valueName":"search_term_string"}}],"inLanguage":"en-GB"},{"@type":"Organization","@id":"https:\/\/lindholm-kakelugnar.com\/#organization","name":"Lindholm Kakelugnar","alternateName":"Lindholms","url":"https:\/\/lindholm-kakelugnar.com\/","logo":{"@type":"ImageObject","inLanguage":"en-GB","@id":"https:\/\/lindholm-kakelugnar.com\/#\/schema\/logo\/image\/","url":"https:\/\/lindholm-kakelugnar.com\/wp-content\/uploads\/2025\/02\/favicon-lindholm.png","contentUrl":"https:\/\/lindholm-kakelugnar.com\/wp-content\/uploads\/2025\/02\/favicon-lindholm.png","width":512,"height":512,"caption":"Lindholm Kakelugnar"},"image":{"@id":"https:\/\/lindholm-kakelugnar.com\/#\/schema\/logo\/image\/"},"sameAs":["https:\/\/www.facebook.com\/LindholmKakelugnar\/"]}]}},"_links":{"self":[{"href":"https:\/\/lindholm-kakelugnar.com\/en\/wp-json\/wp\/v2\/pages\/14","targetHints":{"allow":["GET"]}}],"collection":[{"href":"https:\/\/lindholm-kakelugnar.com\/en\/wp-json\/wp\/v2\/pages"}],"about":[{"href":"https:\/\/lindholm-kakelugnar.com\/en\/wp-json\/wp\/v2\/types\/page"}],"author":[{"embeddable":true,"href":"https:\/\/lindholm-kakelugnar.com\/en\/wp-json\/wp\/v2\/users\/4"}],"replies":[{"embeddable":true,"href":"https:\/\/lindholm-kakelugnar.com\/en\/wp-json\/wp\/v2\/comments?post=14"}],"version-history":[{"count":251,"href":"https:\/\/lindholm-kakelugnar.com\/en\/wp-json\/wp\/v2\/pages\/14\/revisions"}],"predecessor-version":[{"id":4347,"href":"https:\/\/lindholm-kakelugnar.com\/en\/wp-json\/wp\/v2\/pages\/14\/revisions\/4347"}],"wp:attachment":[{"href":"https:\/\/lindholm-kakelugnar.com\/en\/wp-json\/wp\/v2\/media?parent=14"}],"curies":[{"name":"wp","href":"https:\/\/api.w.org\/{rel}","templated":true}]}}