{"id":2091,"date":"2017-09-14T14:56:32","date_gmt":"2017-09-14T12:56:32","guid":{"rendered":"http:\/\/lhkakel.hemhosting.se\/produkt\/nr-227-d\/"},"modified":"2025-07-28T17:03:30","modified_gmt":"2025-07-28T15:03:30","slug":"nr-227-d","status":"publish","type":"product","link":"https:\/\/lindholm-kakelugnar.com\/en\/produkt\/nr-227-d\/","title":{"rendered":"No. 227 D"},"content":{"rendered":"<p>Brown ornamented tiled stove from the Falkenberg area. The stove is made for a corner. Circa 1895.<\/p>\n<p><strong>Measurement<\/strong><\/p>\n<ul>\n<li>Height: 241 cm.<\/li>\n<li>Diameter plinth: ca. 75 cm.<\/li>\n<\/ul>","protected":false},"excerpt":{"rendered":"<p>Rund m\u00f6rkbrun kakelugn fr\u00e5n Falkenbergstrakten, tillverkad omkring 1895. Vacker ornamentik och skimrande glasyr, sl\u00e4ta bruna sockelkakel. Sp\u00e4nnande kr\u00f6nkakel med motiv av sm\u00e5 ansikten, se detaljbilder av kakelugnens kr\u00f6n. Eldstadsluckor och rosettventil i m\u00e4ssing, inre sotluckor i gjutj\u00e4rn. Denna kakelugn \u00e4r avsedd f\u00f6r montering i h\u00f6rn, men kan \u00e4ven anpassas f\u00f6r att st\u00e5 mot en rak [&hellip;]<\/p>\n","protected":false},"featured_media":3416,"template":"","meta":[],"product_brand":[],"product_cat":[18],"product_tag":[],"class_list":{"0":"post-2091","1":"product","2":"type-product","3":"status-publish","4":"has-post-thumbnail","6":"product_cat-rund-kakelugn","8":"first","9":"instock","10":"shipping-taxable","11":"product-type-simple"},"yoast_head":"<!-- This site is optimized with the Yoast SEO plugin v27.5 - https:\/\/yoast.com\/product\/yoast-seo-wordpress\/ -->\n<title>Nr. 227 D - Lindholm Kakelugnar<\/title>\n<meta name=\"robots\" content=\"index, follow, max-snippet:-1, max-image-preview:large, max-video-preview:-1\" \/>\n<link rel=\"canonical\" href=\"https:\/\/lindholm-kakelugnar.com\/en\/product\/nr-227-d\/\" \/>\n<meta property=\"og:locale\" content=\"en_GB\" \/>\n<meta property=\"og:type\" content=\"article\" \/>\n<meta property=\"og:title\" content=\"Nr. 227 D - Lindholm Kakelugnar\" \/>\n<meta property=\"og:description\" content=\"Rund m\u00f6rkbrun kakelugn fr\u00e5n Falkenbergstrakten, tillverkad omkring 1895. Vacker ornamentik och skimrande glasyr, sl\u00e4ta bruna sockelkakel. Sp\u00e4nnande kr\u00f6nkakel med motiv av sm\u00e5 ansikten, se detaljbilder av kakelugnens kr\u00f6n. Eldstadsluckor och rosettventil i m\u00e4ssing, inre sotluckor i gjutj\u00e4rn. Denna kakelugn \u00e4r avsedd f\u00f6r montering i h\u00f6rn, men kan \u00e4ven anpassas f\u00f6r att st\u00e5 mot en rak [&hellip;]\" \/>\n<meta property=\"og:url\" content=\"https:\/\/lindholm-kakelugnar.com\/en\/product\/nr-227-d\/\" \/>\n<meta property=\"og:site_name\" content=\"Lindholm Kakelugnar\" \/>\n<meta property=\"article:publisher\" content=\"https:\/\/www.facebook.com\/LindholmKakelugnar\/\" \/>\n<meta property=\"article:modified_time\" content=\"2025-07-28T15:03:30+00:00\" \/>\n<meta property=\"og:image\" content=\"https:\/\/lindholm-kakelugnar.com\/wp-content\/uploads\/2018\/01\/rund_kakelugn_227D-1.jpg\" \/>\n\t<meta property=\"og:image:width\" content=\"628\" \/>\n\t<meta property=\"og:image:height\" content=\"1408\" \/>\n\t<meta property=\"og:image:type\" content=\"image\/jpeg\" \/>\n<meta name=\"twitter:card\" content=\"summary_large_image\" \/>\n<meta name=\"twitter:label1\" content=\"Estimated reading time\" \/>\n\t<meta name=\"twitter:data1\" content=\"1 minute\" \/>\n<script type=\"application\/ld+json\" class=\"yoast-schema-graph\">{\"@context\":\"https:\\\/\\\/schema.org\",\"@graph\":[{\"@type\":\"WebPage\",\"@id\":\"https:\\\/\\\/lindholm-kakelugnar.com\\\/produkt\\\/nr-227-d\\\/\",\"url\":\"https:\\\/\\\/lindholm-kakelugnar.com\\\/produkt\\\/nr-227-d\\\/\",\"name\":\"Nr. 227 D - Lindholm Kakelugnar\",\"isPartOf\":{\"@id\":\"https:\\\/\\\/lindholm-kakelugnar.com\\\/#website\"},\"primaryImageOfPage\":{\"@id\":\"https:\\\/\\\/lindholm-kakelugnar.com\\\/produkt\\\/nr-227-d\\\/#primaryimage\"},\"image\":{\"@id\":\"https:\\\/\\\/lindholm-kakelugnar.com\\\/produkt\\\/nr-227-d\\\/#primaryimage\"},\"thumbnailUrl\":\"https:\\\/\\\/lindholm-kakelugnar.com\\\/wp-content\\\/uploads\\\/2018\\\/01\\\/rund_kakelugn_227D-1.jpg\",\"datePublished\":\"2017-09-14T12:56:32+00:00\",\"dateModified\":\"2025-07-28T15:03:30+00:00\",\"breadcrumb\":{\"@id\":\"https:\\\/\\\/lindholm-kakelugnar.com\\\/produkt\\\/nr-227-d\\\/#breadcrumb\"},\"inLanguage\":\"en-GB\",\"potentialAction\":[{\"@type\":\"ReadAction\",\"target\":[\"https:\\\/\\\/lindholm-kakelugnar.com\\\/produkt\\\/nr-227-d\\\/\"]}]},{\"@type\":\"ImageObject\",\"inLanguage\":\"en-GB\",\"@id\":\"https:\\\/\\\/lindholm-kakelugnar.com\\\/produkt\\\/nr-227-d\\\/#primaryimage\",\"url\":\"https:\\\/\\\/lindholm-kakelugnar.com\\\/wp-content\\\/uploads\\\/2018\\\/01\\\/rund_kakelugn_227D-1.jpg\",\"contentUrl\":\"https:\\\/\\\/lindholm-kakelugnar.com\\\/wp-content\\\/uploads\\\/2018\\\/01\\\/rund_kakelugn_227D-1.jpg\",\"width\":628,\"height\":1408},{\"@type\":\"BreadcrumbList\",\"@id\":\"https:\\\/\\\/lindholm-kakelugnar.com\\\/produkt\\\/nr-227-d\\\/#breadcrumb\",\"itemListElement\":[{\"@type\":\"ListItem\",\"position\":1,\"name\":\"Start\",\"item\":\"https:\\\/\\\/lindholm-kakelugnar.com\\\/\"},{\"@type\":\"ListItem\",\"position\":2,\"name\":\"Uppt\u00e4ck v\u00e5r kollektion av klassiska kakelugnar\",\"item\":\"https:\\\/\\\/lindholm-kakelugnar.com\\\/kakelugnar\\\/\"},{\"@type\":\"ListItem\",\"position\":3,\"name\":\"Nr. 227 D\"}]},{\"@type\":\"WebSite\",\"@id\":\"https:\\\/\\\/lindholm-kakelugnar.com\\\/#website\",\"url\":\"https:\\\/\\\/lindholm-kakelugnar.com\\\/\",\"name\":\"Lindholm Kakelugnar\",\"description\":\"S\u00e4ljer och monterar antika kakelugnar\",\"publisher\":{\"@id\":\"https:\\\/\\\/lindholm-kakelugnar.com\\\/#organization\"},\"potentialAction\":[{\"@type\":\"SearchAction\",\"target\":{\"@type\":\"EntryPoint\",\"urlTemplate\":\"https:\\\/\\\/lindholm-kakelugnar.com\\\/?s={search_term_string}\"},\"query-input\":{\"@type\":\"PropertyValueSpecification\",\"valueRequired\":true,\"valueName\":\"search_term_string\"}}],\"inLanguage\":\"en-GB\"},{\"@type\":\"Organization\",\"@id\":\"https:\\\/\\\/lindholm-kakelugnar.com\\\/#organization\",\"name\":\"Lindholm Kakelugnar\",\"alternateName\":\"Lindholms\",\"url\":\"https:\\\/\\\/lindholm-kakelugnar.com\\\/\",\"logo\":{\"@type\":\"ImageObject\",\"inLanguage\":\"en-GB\",\"@id\":\"https:\\\/\\\/lindholm-kakelugnar.com\\\/#\\\/schema\\\/logo\\\/image\\\/\",\"url\":\"https:\\\/\\\/lindholm-kakelugnar.com\\\/wp-content\\\/uploads\\\/2025\\\/02\\\/favicon-lindholm.png\",\"contentUrl\":\"https:\\\/\\\/lindholm-kakelugnar.com\\\/wp-content\\\/uploads\\\/2025\\\/02\\\/favicon-lindholm.png\",\"width\":512,\"height\":512,\"caption\":\"Lindholm Kakelugnar\"},\"image\":{\"@id\":\"https:\\\/\\\/lindholm-kakelugnar.com\\\/#\\\/schema\\\/logo\\\/image\\\/\"},\"sameAs\":[\"https:\\\/\\\/www.facebook.com\\\/LindholmKakelugnar\\\/\"]}]}<\/script>\n<!-- \/ Yoast SEO plugin. -->","yoast_head_json":{"title":"No. 227 D - Lindholm Tiled Stoves","robots":{"index":"index","follow":"follow","max-snippet":"max-snippet:-1","max-image-preview":"max-image-preview:large","max-video-preview":"max-video-preview:-1"},"canonical":"https:\/\/lindholm-kakelugnar.com\/en\/product\/nr-227-d\/","og_locale":"en_GB","og_type":"article","og_title":"Nr. 227 D - Lindholm Kakelugnar","og_description":"Rund m\u00f6rkbrun kakelugn fr\u00e5n Falkenbergstrakten, tillverkad omkring 1895. Vacker ornamentik och skimrande glasyr, sl\u00e4ta bruna sockelkakel. Sp\u00e4nnande kr\u00f6nkakel med motiv av sm\u00e5 ansikten, se detaljbilder av kakelugnens kr\u00f6n. Eldstadsluckor och rosettventil i m\u00e4ssing, inre sotluckor i gjutj\u00e4rn. Denna kakelugn \u00e4r avsedd f\u00f6r montering i h\u00f6rn, men kan \u00e4ven anpassas f\u00f6r att st\u00e5 mot en rak [&hellip;]","og_url":"https:\/\/lindholm-kakelugnar.com\/en\/product\/nr-227-d\/","og_site_name":"Lindholm Kakelugnar","article_publisher":"https:\/\/www.facebook.com\/LindholmKakelugnar\/","article_modified_time":"2025-07-28T15:03:30+00:00","og_image":[{"width":628,"height":1408,"url":"https:\/\/lindholm-kakelugnar.com\/wp-content\/uploads\/2018\/01\/rund_kakelugn_227D-1.jpg","type":"image\/jpeg"}],"twitter_card":"summary_large_image","twitter_misc":{"Estimated reading time":"1 minute"},"schema":{"@context":"https:\/\/schema.org","@graph":[{"@type":"WebPage","@id":"https:\/\/lindholm-kakelugnar.com\/produkt\/nr-227-d\/","url":"https:\/\/lindholm-kakelugnar.com\/produkt\/nr-227-d\/","name":"No. 227 D - Lindholm Tiled Stoves","isPartOf":{"@id":"https:\/\/lindholm-kakelugnar.com\/#website"},"primaryImageOfPage":{"@id":"https:\/\/lindholm-kakelugnar.com\/produkt\/nr-227-d\/#primaryimage"},"image":{"@id":"https:\/\/lindholm-kakelugnar.com\/produkt\/nr-227-d\/#primaryimage"},"thumbnailUrl":"https:\/\/lindholm-kakelugnar.com\/wp-content\/uploads\/2018\/01\/rund_kakelugn_227D-1.jpg","datePublished":"2017-09-14T12:56:32+00:00","dateModified":"2025-07-28T15:03:30+00:00","breadcrumb":{"@id":"https:\/\/lindholm-kakelugnar.com\/produkt\/nr-227-d\/#breadcrumb"},"inLanguage":"en-GB","potentialAction":[{"@type":"ReadAction","target":["https:\/\/lindholm-kakelugnar.com\/produkt\/nr-227-d\/"]}]},{"@type":"ImageObject","inLanguage":"en-GB","@id":"https:\/\/lindholm-kakelugnar.com\/produkt\/nr-227-d\/#primaryimage","url":"https:\/\/lindholm-kakelugnar.com\/wp-content\/uploads\/2018\/01\/rund_kakelugn_227D-1.jpg","contentUrl":"https:\/\/lindholm-kakelugnar.com\/wp-content\/uploads\/2018\/01\/rund_kakelugn_227D-1.jpg","width":628,"height":1408},{"@type":"BreadcrumbList","@id":"https:\/\/lindholm-kakelugnar.com\/produkt\/nr-227-d\/#breadcrumb","itemListElement":[{"@type":"ListItem","position":1,"name":"Start","item":"https:\/\/lindholm-kakelugnar.com\/"},{"@type":"ListItem","position":2,"name":"Uppt\u00e4ck v\u00e5r kollektion av klassiska kakelugnar","item":"https:\/\/lindholm-kakelugnar.com\/kakelugnar\/"},{"@type":"ListItem","position":3,"name":"Nr. 227 D"}]},{"@type":"WebSite","@id":"https:\/\/lindholm-kakelugnar.com\/#website","url":"https:\/\/lindholm-kakelugnar.com\/","name":"Lindholm Kakelugnar","description":"Selling and installing antique tiled stoves","publisher":{"@id":"https:\/\/lindholm-kakelugnar.com\/#organization"},"potentialAction":[{"@type":"SearchAction","target":{"@type":"EntryPoint","urlTemplate":"https:\/\/lindholm-kakelugnar.com\/?s={search_term_string}"},"query-input":{"@type":"PropertyValueSpecification","valueRequired":true,"valueName":"search_term_string"}}],"inLanguage":"en-GB"},{"@type":"Organization","@id":"https:\/\/lindholm-kakelugnar.com\/#organization","name":"Lindholm Kakelugnar","alternateName":"Lindholms","url":"https:\/\/lindholm-kakelugnar.com\/","logo":{"@type":"ImageObject","inLanguage":"en-GB","@id":"https:\/\/lindholm-kakelugnar.com\/#\/schema\/logo\/image\/","url":"https:\/\/lindholm-kakelugnar.com\/wp-content\/uploads\/2025\/02\/favicon-lindholm.png","contentUrl":"https:\/\/lindholm-kakelugnar.com\/wp-content\/uploads\/2025\/02\/favicon-lindholm.png","width":512,"height":512,"caption":"Lindholm Kakelugnar"},"image":{"@id":"https:\/\/lindholm-kakelugnar.com\/#\/schema\/logo\/image\/"},"sameAs":["https:\/\/www.facebook.com\/LindholmKakelugnar\/"]}]}},"_links":{"self":[{"href":"https:\/\/lindholm-kakelugnar.com\/en\/wp-json\/wp\/v2\/product\/2091","targetHints":{"allow":["GET"]}}],"collection":[{"href":"https:\/\/lindholm-kakelugnar.com\/en\/wp-json\/wp\/v2\/product"}],"about":[{"href":"https:\/\/lindholm-kakelugnar.com\/en\/wp-json\/wp\/v2\/types\/product"}],"wp:featuredmedia":[{"embeddable":true,"href":"https:\/\/lindholm-kakelugnar.com\/en\/wp-json\/wp\/v2\/media\/3416"}],"wp:attachment":[{"href":"https:\/\/lindholm-kakelugnar.com\/en\/wp-json\/wp\/v2\/media?parent=2091"}],"wp:term":[{"taxonomy":"product_brand","embeddable":true,"href":"https:\/\/lindholm-kakelugnar.com\/en\/wp-json\/wp\/v2\/product_brand?post=2091"},{"taxonomy":"product_cat","embeddable":true,"href":"https:\/\/lindholm-kakelugnar.com\/en\/wp-json\/wp\/v2\/product_cat?post=2091"},{"taxonomy":"product_tag","embeddable":true,"href":"https:\/\/lindholm-kakelugnar.com\/en\/wp-json\/wp\/v2\/product_tag?post=2091"}],"curies":[{"name":"wp","href":"https:\/\/api.w.org\/{rel}","templated":true}]}}