{"id":14,"date":"2017-09-05T11:21:17","date_gmt":"2017-09-05T09:21:17","guid":{"rendered":"http:\/\/lhkakel.hemhosting.se\/?page_id=14"},"modified":"2025-08-23T20:55:41","modified_gmt":"2025-08-23T18:55:41","slug":"startsida","status":"publish","type":"page","link":"https:\/\/lindholm-kakelugnar.com\/sv\/","title":{"rendered":"Startsida"},"content":{"rendered":"<div id=\"pl-14\"  class=\"panel-layout\" ><div id=\"pg-14-0\"  class=\"panel-grid panel-no-style\" ><div id=\"pgc-14-0-0\"  class=\"panel-grid-cell\" ><div id=\"panel-14-0-0-0\" class=\"so-panel widget widget_siteorigin-panels-builder panel-first-child panel-last-child\" data-index=\"0\" ><div class=\"panel-widget-style panel-widget-style-for-14-0-0-0\" ><div id=\"pl-w688c877385913\"  class=\"panel-layout\" ><div id=\"pg-w688c877385913-0\"  class=\"panel-grid panel-has-style\" ><div class=\"panel-row-style panel-row-style-for-w688c877385913-0\" ><div id=\"pgc-w688c877385913-0-0\"  class=\"panel-grid-cell\" ><div id=\"panel-w688c877385913-0-0-0\" class=\"so-panel widget widget_sow-editor panel-first-child panel-last-child\" data-index=\"0\" ><div\n\t\t\t\n\t\t\tclass=\"so-widget-sow-editor so-widget-sow-editor-base\"\n\t\t\t\n\t\t>\n<div class=\"siteorigin-widget-tinymce textwidget\">\n\t<h1>Vi s\u00e4ljer och monterar antika kakelugnar<\/h1>\n<p>V\u00e4lkommen till Lindholm Kakelugnar \u2013 Vi \u00e4r specialister p\u00e5 antika kakelugnar och arbetar med f\u00f6rs\u00e4ljning och montering av gamla ugnar, b\u00e5de i Sverige och utomlands. I \u00f6ver 45 \u00e5r har vi f\u00f6rgyllt v\u00e5ra kunders hem med vackra kulturskatter. V\u00e5ra kunder \u00e4r b\u00e5de privatpersoner, f\u00f6retag och bostadsr\u00e4ttsf\u00f6reningar. Vi utf\u00f6r alla typer av arbeten kring kakelugnar som nyinstallation, oms\u00e4ttningar, fundament och reparationer av r\u00f6kkanaler. Vi samarbetar \u00e4ven med en keramiker som renoverar och nytillverkar kakel. V\u00e5rt f\u00f6retag finns i Varberg men vi \u00e4r verksamma i hela Sverige och \u00e4ven utomlands. V\u00e5r skicklige kakelugnsmakare har l\u00e5ng erfarenhet inom yrket och har monterat \u00f6ver 800 antika kakelugnar till v\u00e5ra kunder.<\/p>\n<\/div>\n<\/div><\/div><\/div><\/div><\/div><div id=\"pg-w688c877385913-1\"  class=\"panel-grid panel-has-style\" ><div class=\"panel-row-style panel-row-style-for-w688c877385913-1\" ><div id=\"pgc-w688c877385913-1-0\"  class=\"panel-grid-cell\" ><div id=\"panel-w688c877385913-1-0-0\" class=\"so-panel widget widget_sow-editor panel-first-child panel-last-child\" data-index=\"1\" ><div\n\t\t\t\n\t\t\tclass=\"so-widget-sow-editor so-widget-sow-editor-base\"\n\t\t\t\n\t\t>\n<div class=\"siteorigin-widget-tinymce textwidget\">\n\t<h2>Brett sortiment av kakelugnar<\/h2>\n<p>I sortimentet finns allt fr\u00e5n vackert bem\u00e5lade 1700-talsugnar till gr\u00f6nst\u00e4nkta handgjorda modeller med skimrande blyglasyr, men \u00e4ven fabrikstillverkade objekt fr\u00e5n tiden 1860-1915. Alla v\u00e5ra ugnar \u00e4r 100 \u00e5r eller \u00e4ldre och finns med n\u00e5gra f\u00e5 undantag endast i ett exemplar.<\/p>\n<p>Vi har omkring 150 st kakelugnar till f\u00f6rs\u00e4ljning, m\u00e5nga av dessa presenteras h\u00e4r p\u00e5 v\u00e5r hemsida. H\u00e4r finner ni ett brett sortiment: helvita, vita med f\u00e4rgade b\u00e5rder och helf\u00e4rgade. S\u00e5v\u00e4l sl\u00e4ta kakel som vackert ornamenterade. Fr\u00e5n enklare runda modeller, till rikligt p\u00e5kostade praktkakelugnar. Under rubriken \u201dkakelugnar\u201d i menyn presenterar vi alla ugnar som vi har i v\u00e5rt sortiment, h\u00e4r kan ni v\u00e4lja mellan runda, kolonn, rektangul\u00e4ra. Dessutom har vi en s\u00e4rskild avdelning f\u00f6r v\u00e5r specialitet hantverksugnar. Dessa kakelugnar tillverkades av en lokal kakelugnsmakare p\u00e5 landsbygden, inte s\u00e4llan p\u00e5 v\u00e4stkusten.<\/p>\n<\/div>\n<\/div><\/div><\/div><div id=\"pgc-w688c877385913-1-1\"  class=\"panel-grid-cell\" ><div id=\"panel-w688c877385913-1-1-0\" class=\"so-panel widget widget_media_image panel-first-child panel-last-child\" data-index=\"2\" ><img loading=\"lazy\" decoding=\"async\" width=\"900\" height=\"606\" src=\"https:\/\/lindholm-kakelugnar.com\/wp-content\/uploads\/2017\/12\/Bildspel-hemsida-2-1-1024x690.jpg\" class=\"image wp-image-3122  attachment-large size-large\" alt=\"\" style=\"max-width: 100%; height: auto;\" srcset=\"https:\/\/lindholm-kakelugnar.com\/wp-content\/uploads\/2017\/12\/Bildspel-hemsida-2-1-1024x690.jpg 1024w, https:\/\/lindholm-kakelugnar.com\/wp-content\/uploads\/2017\/12\/Bildspel-hemsida-2-1-400x269.jpg 400w, https:\/\/lindholm-kakelugnar.com\/wp-content\/uploads\/2017\/12\/Bildspel-hemsida-2-1-300x202.jpg 300w, https:\/\/lindholm-kakelugnar.com\/wp-content\/uploads\/2017\/12\/Bildspel-hemsida-2-1-768x517.jpg 768w, https:\/\/lindholm-kakelugnar.com\/wp-content\/uploads\/2017\/12\/Bildspel-hemsida-2-1-272x182.jpg 272w, https:\/\/lindholm-kakelugnar.com\/wp-content\/uploads\/2017\/12\/Bildspel-hemsida-2-1.jpg 1434w\" sizes=\"auto, (max-width: 900px) 100vw, 900px\" \/><\/div><\/div><\/div><\/div><div id=\"pg-w688c877385913-2\"  class=\"panel-grid panel-has-style\" ><div class=\"panel-row-style panel-row-style-for-w688c877385913-2\" ><div id=\"pgc-w688c877385913-2-0\"  class=\"panel-grid-cell\" ><div id=\"panel-w688c877385913-2-0-0\" class=\"so-panel widget widget_sow-editor panel-first-child panel-last-child\" data-index=\"3\" ><div\n\t\t\t\n\t\t\tclass=\"so-widget-sow-editor so-widget-sow-editor-base\"\n\t\t\t\n\t\t>\n<div class=\"siteorigin-widget-tinymce textwidget\">\n\t<h2 class=\"sow-headline\" style=\"text-align: center;\">Hitta din kakelugn h\u00e4r<\/h2>\n<p style=\"text-align: center;\">Hos oss kan ni v\u00e4lja mellan flera olika typer av kakelugnar, vi har b\u00e5de <a href=\"https:\/\/lindholm-kakelugnar.com\/kategori\/rund-kakelugn\/\">runda<\/a>, <a href=\"https:\/\/lindholm-kakelugnar.com\/kategori\/rektangulara\/\">rektangul\u00e4ra<\/a> och <a href=\"https:\/\/lindholm-kakelugnar.com\/kategori\/kolonn-kakelugn\/\">kolonnugnar<\/a>. Fabrikstillverkade eller \u00e4ldre <a href=\"https:\/\/lindholm-kakelugnar.com\/kategori\/hantverksugnar\/\">hantverksugnar<\/a>, tillverkade f\u00f6re 1850.<\/p>\n<\/div>\n<\/div><\/div><\/div><\/div><\/div><div id=\"pg-w688c877385913-3\"  class=\"panel-grid panel-no-style\" ><div id=\"pgc-w688c877385913-3-0\"  class=\"panel-grid-cell\" ><div id=\"panel-w688c877385913-3-0-0\" class=\"so-panel widget widget_sow-image panel-first-child\" data-index=\"4\" ><div\n\t\t\t\n\t\t\tclass=\"so-widget-sow-image so-widget-sow-image-default-c67d20f9f743\"\n\t\t\t\n\t\t>\n<div class=\"sow-image-container\">\n\t\t\t<a href=\"\/kategori\/rund-kakelugn\"\n\t\t\t\t\t>\n\t\t\t<img \n\tsrc=\"https:\/\/lindholm-kakelugnar.com\/wp-content\/uploads\/2025\/02\/kategori-runda.jpg\" width=\"1000\" height=\"1000\" srcset=\"https:\/\/lindholm-kakelugnar.com\/wp-content\/uploads\/2025\/02\/kategori-runda.jpg 1000w, https:\/\/lindholm-kakelugnar.com\/wp-content\/uploads\/2025\/02\/kategori-runda-400x400.jpg 400w, https:\/\/lindholm-kakelugnar.com\/wp-content\/uploads\/2025\/02\/kategori-runda-100x100.jpg 100w, https:\/\/lindholm-kakelugnar.com\/wp-content\/uploads\/2025\/02\/kategori-runda-300x300.jpg 300w, https:\/\/lindholm-kakelugnar.com\/wp-content\/uploads\/2025\/02\/kategori-runda-150x150.jpg 150w, https:\/\/lindholm-kakelugnar.com\/wp-content\/uploads\/2025\/02\/kategori-runda-768x768.jpg 768w\" sizes=\"(max-width: 1000px) 100vw, 1000px\" title=\"Runda kakelugnar\" alt=\"Runda kakelugnar\" \t\tclass=\"so-widget-image\"\/>\n\t\t\t<\/a><\/div>\n\n<\/div><\/div><div id=\"panel-w688c877385913-3-0-1\" class=\"so-panel widget widget_sow-headline panel-last-child\" data-index=\"5\" ><div\n\t\t\t\n\t\t\tclass=\"so-widget-sow-headline so-widget-sow-headline-default-bcf1eb753ed7\"\n\t\t\t\n\t\t><div class=\"sow-headline-container \">\n\t\t\t\t\t\t\t<h3 class=\"sow-headline\">\n\t\t\t\t\t\tRunda\t\t\t\t\t\t<\/h3>\n\t\t\t\t\t\t\t\t\t\t\t<div class=\"decoration\">\n\t\t\t\t\t\t<div class=\"decoration-inside\"><\/div>\n\t\t\t\t\t<\/div>\n\t\t\t\t\t<\/div>\n<\/div><\/div><\/div><div id=\"pgc-w688c877385913-3-1\"  class=\"panel-grid-cell\" ><div id=\"panel-w688c877385913-3-1-0\" class=\"so-panel widget widget_sow-image panel-first-child\" data-index=\"6\" ><div\n\t\t\t\n\t\t\tclass=\"so-widget-sow-image so-widget-sow-image-default-c67d20f9f743\"\n\t\t\t\n\t\t>\n<div class=\"sow-image-container\">\n\t\t\t<a href=\"\/kategori\/kolonn-kakelugn\"\n\t\t\t\t\t>\n\t\t\t<img \n\tsrc=\"https:\/\/lindholm-kakelugnar.com\/wp-content\/uploads\/2025\/02\/kategori-kolonn.jpg\" width=\"1000\" height=\"1000\" srcset=\"https:\/\/lindholm-kakelugnar.com\/wp-content\/uploads\/2025\/02\/kategori-kolonn.jpg 1000w, https:\/\/lindholm-kakelugnar.com\/wp-content\/uploads\/2025\/02\/kategori-kolonn-400x400.jpg 400w, https:\/\/lindholm-kakelugnar.com\/wp-content\/uploads\/2025\/02\/kategori-kolonn-100x100.jpg 100w, https:\/\/lindholm-kakelugnar.com\/wp-content\/uploads\/2025\/02\/kategori-kolonn-300x300.jpg 300w, https:\/\/lindholm-kakelugnar.com\/wp-content\/uploads\/2025\/02\/kategori-kolonn-150x150.jpg 150w, https:\/\/lindholm-kakelugnar.com\/wp-content\/uploads\/2025\/02\/kategori-kolonn-768x768.jpg 768w\" sizes=\"(max-width: 1000px) 100vw, 1000px\" title=\"Kolonnkakelugnar\" alt=\"Kolonnkakelugnar\" \t\tclass=\"so-widget-image\"\/>\n\t\t\t<\/a><\/div>\n\n<\/div><\/div><div id=\"panel-w688c877385913-3-1-1\" class=\"so-panel widget widget_sow-headline panel-last-child\" data-index=\"7\" ><div\n\t\t\t\n\t\t\tclass=\"so-widget-sow-headline so-widget-sow-headline-default-98dc6fff397f\"\n\t\t\t\n\t\t><div class=\"sow-headline-container \">\n\t\t\t\t\t\t\t<h3 class=\"sow-headline\">\n\t\t\t\t\t\tKolonn\t\t\t\t\t\t<\/h3>\n\t\t\t\t\t\t\t\t\t\t\t<div class=\"decoration\">\n\t\t\t\t\t\t<div class=\"decoration-inside\"><\/div>\n\t\t\t\t\t<\/div>\n\t\t\t\t\t<\/div>\n<\/div><\/div><\/div><div id=\"pgc-w688c877385913-3-2\"  class=\"panel-grid-cell\" ><div id=\"panel-w688c877385913-3-2-0\" class=\"so-panel widget widget_sow-image panel-first-child\" data-index=\"8\" ><div\n\t\t\t\n\t\t\tclass=\"so-widget-sow-image so-widget-sow-image-default-c67d20f9f743\"\n\t\t\t\n\t\t>\n<div class=\"sow-image-container\">\n\t\t\t<a href=\"\/kategori\/rektangulara\/\"\n\t\t\t\t\t>\n\t\t\t<img \n\tsrc=\"https:\/\/lindholm-kakelugnar.com\/wp-content\/uploads\/2025\/02\/kategori-rektang.jpg\" width=\"1000\" height=\"1000\" srcset=\"https:\/\/lindholm-kakelugnar.com\/wp-content\/uploads\/2025\/02\/kategori-rektang.jpg 1000w, https:\/\/lindholm-kakelugnar.com\/wp-content\/uploads\/2025\/02\/kategori-rektang-400x400.jpg 400w, https:\/\/lindholm-kakelugnar.com\/wp-content\/uploads\/2025\/02\/kategori-rektang-100x100.jpg 100w, https:\/\/lindholm-kakelugnar.com\/wp-content\/uploads\/2025\/02\/kategori-rektang-300x300.jpg 300w, https:\/\/lindholm-kakelugnar.com\/wp-content\/uploads\/2025\/02\/kategori-rektang-150x150.jpg 150w, https:\/\/lindholm-kakelugnar.com\/wp-content\/uploads\/2025\/02\/kategori-rektang-768x768.jpg 768w\" sizes=\"(max-width: 1000px) 100vw, 1000px\" title=\"Rektangul\u00e4ra kakelugnar\" alt=\"Rektangul\u00e4ra kakelugnar\" \t\tclass=\"so-widget-image\"\/>\n\t\t\t<\/a><\/div>\n\n<\/div><\/div><div id=\"panel-w688c877385913-3-2-1\" class=\"so-panel widget widget_sow-headline panel-last-child\" data-index=\"9\" ><div\n\t\t\t\n\t\t\tclass=\"so-widget-sow-headline so-widget-sow-headline-default-98dc6fff397f\"\n\t\t\t\n\t\t><div class=\"sow-headline-container \">\n\t\t\t\t\t\t\t<h3 class=\"sow-headline\">\n\t\t\t\t\t\tRektangul\u00e4ra\t\t\t\t\t\t<\/h3>\n\t\t\t\t\t\t\t\t\t\t\t<div class=\"decoration\">\n\t\t\t\t\t\t<div class=\"decoration-inside\"><\/div>\n\t\t\t\t\t<\/div>\n\t\t\t\t\t<\/div>\n<\/div><\/div><\/div><div id=\"pgc-w688c877385913-3-3\"  class=\"panel-grid-cell\" ><div id=\"panel-w688c877385913-3-3-0\" class=\"so-panel widget widget_sow-image panel-first-child\" data-index=\"10\" ><div\n\t\t\t\n\t\t\tclass=\"so-widget-sow-image so-widget-sow-image-default-c67d20f9f743\"\n\t\t\t\n\t\t>\n<div class=\"sow-image-container\">\n\t\t\t<a href=\"\/kategori\/hantverksugnar\/\"\n\t\t\t\t\t>\n\t\t\t<img \n\tsrc=\"https:\/\/lindholm-kakelugnar.com\/wp-content\/uploads\/2025\/02\/kategori-hantverk.jpg\" width=\"1000\" height=\"1000\" srcset=\"https:\/\/lindholm-kakelugnar.com\/wp-content\/uploads\/2025\/02\/kategori-hantverk.jpg 1000w, https:\/\/lindholm-kakelugnar.com\/wp-content\/uploads\/2025\/02\/kategori-hantverk-400x400.jpg 400w, https:\/\/lindholm-kakelugnar.com\/wp-content\/uploads\/2025\/02\/kategori-hantverk-100x100.jpg 100w, https:\/\/lindholm-kakelugnar.com\/wp-content\/uploads\/2025\/02\/kategori-hantverk-300x300.jpg 300w, https:\/\/lindholm-kakelugnar.com\/wp-content\/uploads\/2025\/02\/kategori-hantverk-150x150.jpg 150w, https:\/\/lindholm-kakelugnar.com\/wp-content\/uploads\/2025\/02\/kategori-hantverk-768x768.jpg 768w\" sizes=\"(max-width: 1000px) 100vw, 1000px\" title=\"Hantverksugnar\" alt=\"Hantverksugnar\" \t\tclass=\"so-widget-image\"\/>\n\t\t\t<\/a><\/div>\n\n<\/div><\/div><div id=\"panel-w688c877385913-3-3-1\" class=\"so-panel widget widget_sow-headline panel-last-child\" data-index=\"11\" ><div\n\t\t\t\n\t\t\tclass=\"so-widget-sow-headline so-widget-sow-headline-default-98dc6fff397f\"\n\t\t\t\n\t\t><div class=\"sow-headline-container \">\n\t\t\t\t\t\t\t<h3 class=\"sow-headline\">\n\t\t\t\t\t\tHantverksugnar\t\t\t\t\t\t<\/h3>\n\t\t\t\t\t\t\t\t\t\t\t<div class=\"decoration\">\n\t\t\t\t\t\t<div class=\"decoration-inside\"><\/div>\n\t\t\t\t\t<\/div>\n\t\t\t\t\t<\/div>\n<\/div><\/div><\/div><\/div><div id=\"pg-w688c877385913-4\"  class=\"panel-grid panel-has-style\" ><div class=\"so-rounded panel-row-style panel-row-style-for-w688c877385913-4\" ><div id=\"pgc-w688c877385913-4-0\"  class=\"panel-grid-cell\" ><div id=\"panel-w688c877385913-4-0-0\" class=\"so-panel widget widget_sow-editor panel-first-child\" data-index=\"12\" ><div class=\"so-rounded panel-widget-style panel-widget-style-for-w688c877385913-4-0-0\" ><div\n\t\t\t\n\t\t\tclass=\"so-widget-sow-editor so-widget-sow-editor-base\"\n\t\t\t\n\t\t>\n<div class=\"siteorigin-widget-tinymce textwidget\">\n\t<h2 style=\"text-align: center;\">FAQ<\/h2>\n<p style=\"text-align: center;\">Hitta svaren p\u00e5 de vanligaste fr\u00e5gorna vi f\u00e5r.<\/p>\n<\/div>\n<\/div><\/div><\/div><div id=\"panel-w688c877385913-4-0-1\" class=\"so-panel widget widget_sow-button panel-last-child\" data-index=\"13\" ><div\n\t\t\t\n\t\t\tclass=\"so-widget-sow-button so-widget-sow-button-atom-7f2234620e24\"\n\t\t\t\n\t\t><div class=\"ow-button-base ow-button-align-center\"\n>\n\t\t\t<a\n\t\t\t\t\thref=\"\/sv\/faq\"\n\t\t\t\t\tclass=\"sowb-button ow-icon-placement-left ow-button-hover\" \t>\n\t\t<span>\n\t\t\t\n\t\t\tHitta svar\t\t<\/span>\n\t\t\t<\/a>\n\t<\/div>\n<\/div><\/div><\/div><\/div><\/div><div id=\"pg-w688c877385913-5\"  class=\"panel-grid panel-has-style\" ><div class=\"panel-row-style panel-row-style-for-w688c877385913-5\" ><div id=\"pgc-w688c877385913-5-0\"  class=\"panel-grid-cell\" ><div id=\"panel-w688c877385913-5-0-0\" class=\"so-panel widget widget_media_image panel-first-child panel-last-child\" data-index=\"14\" ><img loading=\"lazy\" decoding=\"async\" width=\"900\" height=\"600\" src=\"https:\/\/lindholm-kakelugnar.com\/wp-content\/uploads\/2017\/12\/Bildspel-hemsida-3-1-1024x683.jpg\" class=\"image wp-image-3123  attachment-large size-large\" alt=\"Antik kakelugn\" style=\"max-width: 100%; height: auto;\" srcset=\"https:\/\/lindholm-kakelugnar.com\/wp-content\/uploads\/2017\/12\/Bildspel-hemsida-3-1-1024x683.jpg 1024w, https:\/\/lindholm-kakelugnar.com\/wp-content\/uploads\/2017\/12\/Bildspel-hemsida-3-1-400x267.jpg 400w, https:\/\/lindholm-kakelugnar.com\/wp-content\/uploads\/2017\/12\/Bildspel-hemsida-3-1-300x200.jpg 300w, https:\/\/lindholm-kakelugnar.com\/wp-content\/uploads\/2017\/12\/Bildspel-hemsida-3-1-768x512.jpg 768w, https:\/\/lindholm-kakelugnar.com\/wp-content\/uploads\/2017\/12\/Bildspel-hemsida-3-1-272x182.jpg 272w, https:\/\/lindholm-kakelugnar.com\/wp-content\/uploads\/2017\/12\/Bildspel-hemsida-3-1.jpg 1434w\" sizes=\"auto, (max-width: 900px) 100vw, 900px\" \/><\/div><\/div><div id=\"pgc-w688c877385913-5-1\"  class=\"panel-grid-cell\" ><div id=\"panel-w688c877385913-5-1-0\" class=\"so-panel widget widget_sow-editor panel-first-child panel-last-child\" data-index=\"15\" ><div\n\t\t\t\n\t\t\tclass=\"so-widget-sow-editor so-widget-sow-editor-base\"\n\t\t\t\n\t\t>\n<div class=\"siteorigin-widget-tinymce textwidget\">\n\t<h2>K\u00f6pa kakelugn<\/h2>\n<p>En kakelugn \u00e4r en vacker m\u00f6bel som inte bara f\u00f6rgyller hemmet utan \u00e4ven s\u00e4nker uppv\u00e4rmningskostnaden. Kakelugnar har v\u00e4ldigt h\u00f6g verkningsgrad, uppemot 90 % har uppm\u00e4tts. Den stora m\u00e4ngden av tegel i en kakelugn magasinerar brasans v\u00e4rme mycket l\u00e4ngre \u00e4n i en vanlig kamin. Att investera i en kakelugn \u00e4r en god aff\u00e4r, den sparar pengar och h\u00f6jer v\u00e4rdet p\u00e5 din bostad.<\/p>\n<p>N\u00e4r du har hittat din dr\u00f6mugn p\u00e5 v\u00e5r hemsida, maila oss kakelugnens nummer s\u00e5 \u00e5terkommer vi med pris p\u00e5 kakelugn och eventuell montering. N\u00e4r avst\u00e5nden \u00e4r l\u00e5nga kan det kanske l\u00f6na sig att anlita en lokal kakelugnsmakare f\u00f6r installationen, d\u00e4rf\u00f6r s\u00e4ljer vi v\u00e5ra ugnar med eller utan upps\u00e4ttning.<\/p>\n<\/div>\n<\/div><\/div><\/div><\/div><\/div><\/div><\/div><\/div><\/div><\/div><\/div>","protected":false},"excerpt":{"rendered":"<p>Vi s\u00e4ljer och monterar antika kakelugnar V\u00e4lkommen till Lindholm Kakelugnar \u2013 Vi \u00e4r specialister p\u00e5 antika kakelugnar och arbetar med f\u00f6rs\u00e4ljning och montering av gamla ugnar, b\u00e5de i Sverige och utomlands. I \u00f6ver 45 \u00e5r har vi f\u00f6rgyllt v\u00e5ra kunders hem med vackra kulturskatter. V\u00e5ra kunder \u00e4r b\u00e5de privatpersoner, f\u00f6retag och bostadsr\u00e4ttsf\u00f6reningar. Vi utf\u00f6r alla [&hellip;]<\/p>\n","protected":false},"author":4,"featured_media":0,"parent":0,"menu_order":0,"comment_status":"closed","ping_status":"closed","template":"","meta":{"footnotes":""},"class_list":["post-14","page","type-page","status-publish","hentry"],"yoast_head":"<!-- This site is optimized with the Yoast SEO plugin v27.5 - https:\/\/yoast.com\/product\/yoast-seo-wordpress\/ -->\n<title>Kakelugn - Mer \u00e4n 100 vackra kakelugnar i lager.<\/title>\n<meta name=\"description\" content=\"Hitta din antika kakelugn h\u00e4r och l\u00e5t v\u00e5r erfarne kakelugnsmakare montera den i ditt hem. Vi \u00e4r specialister p\u00e5 antika svenska kakelugnar och har arbetat med montering och f\u00f6rs\u00e4ljning i 45 \u00e5r.\" \/>\n<meta name=\"robots\" content=\"index, follow, max-snippet:-1, max-image-preview:large, max-video-preview:-1\" \/>\n<link rel=\"canonical\" href=\"https:\/\/lindholm-kakelugnar.com\/sv\/\" \/>\n<meta property=\"og:locale\" content=\"sv_SE\" \/>\n<meta property=\"og:type\" content=\"article\" \/>\n<meta property=\"og:title\" content=\"Kakelugn - Mer \u00e4n 100 vackra kakelugnar i lager.\" \/>\n<meta property=\"og:description\" content=\"Hitta din antika kakelugn h\u00e4r och l\u00e5t v\u00e5r erfarne kakelugnsmakare montera den i ditt hem. Vi \u00e4r specialister p\u00e5 antika svenska kakelugnar och har arbetat med montering och f\u00f6rs\u00e4ljning i 45 \u00e5r.\" \/>\n<meta property=\"og:url\" content=\"https:\/\/lindholm-kakelugnar.com\/sv\/\" \/>\n<meta property=\"og:site_name\" content=\"Lindholm Kakelugnar\" \/>\n<meta property=\"article:publisher\" content=\"https:\/\/www.facebook.com\/LindholmKakelugnar\/\" \/>\n<meta property=\"article:modified_time\" content=\"2025-08-23T18:55:41+00:00\" \/>\n<meta name=\"twitter:card\" content=\"summary_large_image\" \/>\n<meta name=\"twitter:label1\" content=\"Ber\u00e4knad l\u00e4stid\" \/>\n\t<meta name=\"twitter:data1\" content=\"3 minuter\" \/>\n<script type=\"application\/ld+json\" class=\"yoast-schema-graph\">{\"@context\":\"https:\\\/\\\/schema.org\",\"@graph\":[{\"@type\":\"WebPage\",\"@id\":\"https:\\\/\\\/lindholm-kakelugnar.com\\\/\",\"url\":\"https:\\\/\\\/lindholm-kakelugnar.com\\\/\",\"name\":\"Kakelugn - Mer \u00e4n 100 vackra kakelugnar i lager.\",\"isPartOf\":{\"@id\":\"https:\\\/\\\/lindholm-kakelugnar.com\\\/#website\"},\"datePublished\":\"2017-09-05T09:21:17+00:00\",\"dateModified\":\"2025-08-23T18:55:41+00:00\",\"description\":\"Hitta din antika kakelugn h\u00e4r och l\u00e5t v\u00e5r erfarne kakelugnsmakare montera den i ditt hem. Vi \u00e4r specialister p\u00e5 antika svenska kakelugnar och har arbetat med montering och f\u00f6rs\u00e4ljning i 45 \u00e5r.\",\"breadcrumb\":{\"@id\":\"https:\\\/\\\/lindholm-kakelugnar.com\\\/#breadcrumb\"},\"inLanguage\":\"sv-SE\",\"potentialAction\":[{\"@type\":\"ReadAction\",\"target\":[\"https:\\\/\\\/lindholm-kakelugnar.com\\\/\"]}]},{\"@type\":\"BreadcrumbList\",\"@id\":\"https:\\\/\\\/lindholm-kakelugnar.com\\\/#breadcrumb\",\"itemListElement\":[{\"@type\":\"ListItem\",\"position\":1,\"name\":\"Start\",\"item\":\"https:\\\/\\\/lindholm-kakelugnar.com\\\/\"},{\"@type\":\"ListItem\",\"position\":2,\"name\":\"Startsida\"}]},{\"@type\":\"WebSite\",\"@id\":\"https:\\\/\\\/lindholm-kakelugnar.com\\\/#website\",\"url\":\"https:\\\/\\\/lindholm-kakelugnar.com\\\/\",\"name\":\"Lindholm Kakelugnar\",\"description\":\"S\u00e4ljer och monterar antika kakelugnar\",\"publisher\":{\"@id\":\"https:\\\/\\\/lindholm-kakelugnar.com\\\/#organization\"},\"potentialAction\":[{\"@type\":\"SearchAction\",\"target\":{\"@type\":\"EntryPoint\",\"urlTemplate\":\"https:\\\/\\\/lindholm-kakelugnar.com\\\/?s={search_term_string}\"},\"query-input\":{\"@type\":\"PropertyValueSpecification\",\"valueRequired\":true,\"valueName\":\"search_term_string\"}}],\"inLanguage\":\"sv-SE\"},{\"@type\":\"Organization\",\"@id\":\"https:\\\/\\\/lindholm-kakelugnar.com\\\/#organization\",\"name\":\"Lindholm Kakelugnar\",\"alternateName\":\"Lindholms\",\"url\":\"https:\\\/\\\/lindholm-kakelugnar.com\\\/\",\"logo\":{\"@type\":\"ImageObject\",\"inLanguage\":\"sv-SE\",\"@id\":\"https:\\\/\\\/lindholm-kakelugnar.com\\\/#\\\/schema\\\/logo\\\/image\\\/\",\"url\":\"https:\\\/\\\/lindholm-kakelugnar.com\\\/wp-content\\\/uploads\\\/2025\\\/02\\\/favicon-lindholm.png\",\"contentUrl\":\"https:\\\/\\\/lindholm-kakelugnar.com\\\/wp-content\\\/uploads\\\/2025\\\/02\\\/favicon-lindholm.png\",\"width\":512,\"height\":512,\"caption\":\"Lindholm Kakelugnar\"},\"image\":{\"@id\":\"https:\\\/\\\/lindholm-kakelugnar.com\\\/#\\\/schema\\\/logo\\\/image\\\/\"},\"sameAs\":[\"https:\\\/\\\/www.facebook.com\\\/LindholmKakelugnar\\\/\"]}]}<\/script>\n<!-- \/ Yoast SEO plugin. -->","yoast_head_json":{"title":"Kakelugn - Mer \u00e4n 100 vackra kakelugnar i lager.","description":"Hitta din antika kakelugn h\u00e4r och l\u00e5t v\u00e5r erfarne kakelugnsmakare montera den i ditt hem. Vi \u00e4r specialister p\u00e5 antika svenska kakelugnar och har arbetat med montering och f\u00f6rs\u00e4ljning i 45 \u00e5r.","robots":{"index":"index","follow":"follow","max-snippet":"max-snippet:-1","max-image-preview":"max-image-preview:large","max-video-preview":"max-video-preview:-1"},"canonical":"https:\/\/lindholm-kakelugnar.com\/sv\/","og_locale":"sv_SE","og_type":"article","og_title":"Kakelugn - Mer \u00e4n 100 vackra kakelugnar i lager.","og_description":"Hitta din antika kakelugn h\u00e4r och l\u00e5t v\u00e5r erfarne kakelugnsmakare montera den i ditt hem. Vi \u00e4r specialister p\u00e5 antika svenska kakelugnar och har arbetat med montering och f\u00f6rs\u00e4ljning i 45 \u00e5r.","og_url":"https:\/\/lindholm-kakelugnar.com\/sv\/","og_site_name":"Lindholm Kakelugnar","article_publisher":"https:\/\/www.facebook.com\/LindholmKakelugnar\/","article_modified_time":"2025-08-23T18:55:41+00:00","twitter_card":"summary_large_image","twitter_misc":{"Ber\u00e4knad l\u00e4stid":"3 minuter"},"schema":{"@context":"https:\/\/schema.org","@graph":[{"@type":"WebPage","@id":"https:\/\/lindholm-kakelugnar.com\/","url":"https:\/\/lindholm-kakelugnar.com\/","name":"Kakelugn - Mer \u00e4n 100 vackra kakelugnar i lager.","isPartOf":{"@id":"https:\/\/lindholm-kakelugnar.com\/#website"},"datePublished":"2017-09-05T09:21:17+00:00","dateModified":"2025-08-23T18:55:41+00:00","description":"Hitta din antika kakelugn h\u00e4r och l\u00e5t v\u00e5r erfarne kakelugnsmakare montera den i ditt hem. Vi \u00e4r specialister p\u00e5 antika svenska kakelugnar och har arbetat med montering och f\u00f6rs\u00e4ljning i 45 \u00e5r.","breadcrumb":{"@id":"https:\/\/lindholm-kakelugnar.com\/#breadcrumb"},"inLanguage":"sv-SE","potentialAction":[{"@type":"ReadAction","target":["https:\/\/lindholm-kakelugnar.com\/"]}]},{"@type":"BreadcrumbList","@id":"https:\/\/lindholm-kakelugnar.com\/#breadcrumb","itemListElement":[{"@type":"ListItem","position":1,"name":"Start","item":"https:\/\/lindholm-kakelugnar.com\/"},{"@type":"ListItem","position":2,"name":"Startsida"}]},{"@type":"WebSite","@id":"https:\/\/lindholm-kakelugnar.com\/#website","url":"https:\/\/lindholm-kakelugnar.com\/","name":"Lindholm Kakelugnar","description":"S\u00e4ljer och monterar antika kakelugnar","publisher":{"@id":"https:\/\/lindholm-kakelugnar.com\/#organization"},"potentialAction":[{"@type":"SearchAction","target":{"@type":"EntryPoint","urlTemplate":"https:\/\/lindholm-kakelugnar.com\/?s={search_term_string}"},"query-input":{"@type":"PropertyValueSpecification","valueRequired":true,"valueName":"search_term_string"}}],"inLanguage":"sv-SE"},{"@type":"Organization","@id":"https:\/\/lindholm-kakelugnar.com\/#organization","name":"Lindholm Kakelugnar","alternateName":"Lindholms","url":"https:\/\/lindholm-kakelugnar.com\/","logo":{"@type":"ImageObject","inLanguage":"sv-SE","@id":"https:\/\/lindholm-kakelugnar.com\/#\/schema\/logo\/image\/","url":"https:\/\/lindholm-kakelugnar.com\/wp-content\/uploads\/2025\/02\/favicon-lindholm.png","contentUrl":"https:\/\/lindholm-kakelugnar.com\/wp-content\/uploads\/2025\/02\/favicon-lindholm.png","width":512,"height":512,"caption":"Lindholm Kakelugnar"},"image":{"@id":"https:\/\/lindholm-kakelugnar.com\/#\/schema\/logo\/image\/"},"sameAs":["https:\/\/www.facebook.com\/LindholmKakelugnar\/"]}]}},"_links":{"self":[{"href":"https:\/\/lindholm-kakelugnar.com\/sv\/wp-json\/wp\/v2\/pages\/14","targetHints":{"allow":["GET"]}}],"collection":[{"href":"https:\/\/lindholm-kakelugnar.com\/sv\/wp-json\/wp\/v2\/pages"}],"about":[{"href":"https:\/\/lindholm-kakelugnar.com\/sv\/wp-json\/wp\/v2\/types\/page"}],"author":[{"embeddable":true,"href":"https:\/\/lindholm-kakelugnar.com\/sv\/wp-json\/wp\/v2\/users\/4"}],"replies":[{"embeddable":true,"href":"https:\/\/lindholm-kakelugnar.com\/sv\/wp-json\/wp\/v2\/comments?post=14"}],"version-history":[{"count":251,"href":"https:\/\/lindholm-kakelugnar.com\/sv\/wp-json\/wp\/v2\/pages\/14\/revisions"}],"predecessor-version":[{"id":4347,"href":"https:\/\/lindholm-kakelugnar.com\/sv\/wp-json\/wp\/v2\/pages\/14\/revisions\/4347"}],"wp:attachment":[{"href":"https:\/\/lindholm-kakelugnar.com\/sv\/wp-json\/wp\/v2\/media?parent=14"}],"curies":[{"name":"wp","href":"https:\/\/api.w.org\/{rel}","templated":true}]}}