{"id":4,"date":"2017-09-04T17:12:05","date_gmt":"2017-09-04T15:12:05","guid":{"rendered":"http:\/\/lhkakel.hemhosting.se\/butik\/"},"modified":"2025-08-22T17:29:31","modified_gmt":"2025-08-22T15:29:31","slug":"kakelugnar","status":"publish","type":"page","link":"https:\/\/lindholm-kakelugnar.com\/sv\/kakelugnar\/","title":{"rendered":"Uppt\u00e4ck v\u00e5r kollektion av klassiska kakelugnar"},"content":{"rendered":"<p data-start=\"168\" data-end=\"431\">V\u00e4lkommen till v\u00e5r exklusiva kollektion med antika, klassiska kakelugnar \u2013 d\u00e4r tidl\u00f6s design m\u00f6ter traditionellt hantverk. H\u00e4r presenterar vi hantverksugnar, kolonnkakelugnar, rektangul\u00e4ra kakelugnar och runda kakelugnar. L\u00e4ngre ner p\u00e5 sidan kan ni se ett urval av v\u00e5ra s\u00e5lda kakelugnar.<\/p>\n","protected":false},"excerpt":{"rendered":"<p>V\u00e4lkommen till v\u00e5r exklusiva kollektion med antika, klassiska kakelugnar \u2013 d\u00e4r tidl\u00f6s design m\u00f6ter traditionellt hantverk. H\u00e4r presenterar vi hantverksugnar, kolonnkakelugnar, rektangul\u00e4ra kakelugnar och runda kakelugnar. L\u00e4ngre ner p\u00e5 sidan kan ni se ett urval av v\u00e5ra s\u00e5lda kakelugnar.<\/p>\n","protected":false},"author":4,"featured_media":0,"parent":0,"menu_order":0,"comment_status":"closed","ping_status":"closed","template":"","meta":{"footnotes":""},"class_list":["post-4","page","type-page","status-publish","hentry"],"yoast_head":"<!-- This site is optimized with the Yoast SEO plugin v27.5 - https:\/\/yoast.com\/product\/yoast-seo-wordpress\/ -->\n<title>Klassiska Kakelugnar - Unika modeller | Lindholm Kakelugnar<\/title>\n<meta name=\"description\" content=\"Utforska v\u00e5rt sortiment av antika klassiska kakelugnar. Hitta tidl\u00f6s design och skapa en mysig atmosf\u00e4r med v\u00e5ra klassiska kakelugnar.\" \/>\n<meta name=\"robots\" content=\"index, follow, max-snippet:-1, max-image-preview:large, max-video-preview:-1\" \/>\n<link rel=\"canonical\" href=\"https:\/\/lindholm-kakelugnar.com\/sv\/kakelugnar\/\" \/>\n<meta property=\"og:locale\" content=\"sv_SE\" \/>\n<meta property=\"og:type\" content=\"article\" \/>\n<meta property=\"og:title\" content=\"Klassiska Kakelugnar - Unika modeller | Lindholm Kakelugnar\" \/>\n<meta property=\"og:description\" content=\"Utforska v\u00e5rt sortiment av antika klassiska kakelugnar. Hitta tidl\u00f6s design och skapa en mysig atmosf\u00e4r med v\u00e5ra klassiska kakelugnar.\" \/>\n<meta property=\"og:url\" content=\"https:\/\/lindholm-kakelugnar.com\/sv\/kakelugnar\/\" \/>\n<meta property=\"og:site_name\" content=\"Lindholm Kakelugnar\" \/>\n<meta property=\"article:publisher\" content=\"https:\/\/www.facebook.com\/LindholmKakelugnar\/\" \/>\n<meta property=\"article:modified_time\" content=\"2025-08-22T15:29:31+00:00\" \/>\n<meta name=\"twitter:card\" content=\"summary_large_image\" \/>\n<meta name=\"twitter:label1\" content=\"Ber\u00e4knad l\u00e4stid\" \/>\n\t<meta name=\"twitter:data1\" content=\"1 minut\" \/>\n<script type=\"application\/ld+json\" class=\"yoast-schema-graph\">{\"@context\":\"https:\\\/\\\/schema.org\",\"@graph\":[{\"@type\":\"WebPage\",\"@id\":\"https:\\\/\\\/lindholm-kakelugnar.com\\\/kakelugnar\\\/\",\"url\":\"https:\\\/\\\/lindholm-kakelugnar.com\\\/kakelugnar\\\/\",\"name\":\"Klassiska Kakelugnar - Unika modeller | Lindholm Kakelugnar\",\"isPartOf\":{\"@id\":\"https:\\\/\\\/lindholm-kakelugnar.com\\\/#website\"},\"datePublished\":\"2017-09-04T15:12:05+00:00\",\"dateModified\":\"2025-08-22T15:29:31+00:00\",\"description\":\"Utforska v\u00e5rt sortiment av antika klassiska kakelugnar. Hitta tidl\u00f6s design och skapa en mysig atmosf\u00e4r med v\u00e5ra klassiska kakelugnar.\",\"breadcrumb\":{\"@id\":\"https:\\\/\\\/lindholm-kakelugnar.com\\\/kakelugnar\\\/#breadcrumb\"},\"inLanguage\":\"sv-SE\",\"potentialAction\":[{\"@type\":\"ReadAction\",\"target\":[\"https:\\\/\\\/lindholm-kakelugnar.com\\\/kakelugnar\\\/\"]}]},{\"@type\":\"BreadcrumbList\",\"@id\":\"https:\\\/\\\/lindholm-kakelugnar.com\\\/kakelugnar\\\/#breadcrumb\",\"itemListElement\":[{\"@type\":\"ListItem\",\"position\":1,\"name\":\"Start\",\"item\":\"https:\\\/\\\/lindholm-kakelugnar.com\\\/\"},{\"@type\":\"ListItem\",\"position\":2,\"name\":\"Uppt\u00e4ck v\u00e5r kollektion av klassiska kakelugnar\"}]},{\"@type\":\"WebSite\",\"@id\":\"https:\\\/\\\/lindholm-kakelugnar.com\\\/#website\",\"url\":\"https:\\\/\\\/lindholm-kakelugnar.com\\\/\",\"name\":\"Lindholm Kakelugnar\",\"description\":\"S\u00e4ljer och monterar antika kakelugnar\",\"publisher\":{\"@id\":\"https:\\\/\\\/lindholm-kakelugnar.com\\\/#organization\"},\"potentialAction\":[{\"@type\":\"SearchAction\",\"target\":{\"@type\":\"EntryPoint\",\"urlTemplate\":\"https:\\\/\\\/lindholm-kakelugnar.com\\\/?s={search_term_string}\"},\"query-input\":{\"@type\":\"PropertyValueSpecification\",\"valueRequired\":true,\"valueName\":\"search_term_string\"}}],\"inLanguage\":\"sv-SE\"},{\"@type\":\"Organization\",\"@id\":\"https:\\\/\\\/lindholm-kakelugnar.com\\\/#organization\",\"name\":\"Lindholm Kakelugnar\",\"alternateName\":\"Lindholms\",\"url\":\"https:\\\/\\\/lindholm-kakelugnar.com\\\/\",\"logo\":{\"@type\":\"ImageObject\",\"inLanguage\":\"sv-SE\",\"@id\":\"https:\\\/\\\/lindholm-kakelugnar.com\\\/#\\\/schema\\\/logo\\\/image\\\/\",\"url\":\"https:\\\/\\\/lindholm-kakelugnar.com\\\/wp-content\\\/uploads\\\/2025\\\/02\\\/favicon-lindholm.png\",\"contentUrl\":\"https:\\\/\\\/lindholm-kakelugnar.com\\\/wp-content\\\/uploads\\\/2025\\\/02\\\/favicon-lindholm.png\",\"width\":512,\"height\":512,\"caption\":\"Lindholm Kakelugnar\"},\"image\":{\"@id\":\"https:\\\/\\\/lindholm-kakelugnar.com\\\/#\\\/schema\\\/logo\\\/image\\\/\"},\"sameAs\":[\"https:\\\/\\\/www.facebook.com\\\/LindholmKakelugnar\\\/\"]}]}<\/script>\n<!-- \/ Yoast SEO plugin. -->","yoast_head_json":{"title":"Klassiska Kakelugnar - Unika modeller | Lindholm Kakelugnar","description":"Utforska v\u00e5rt sortiment av antika klassiska kakelugnar. Hitta tidl\u00f6s design och skapa en mysig atmosf\u00e4r med v\u00e5ra klassiska kakelugnar.","robots":{"index":"index","follow":"follow","max-snippet":"max-snippet:-1","max-image-preview":"max-image-preview:large","max-video-preview":"max-video-preview:-1"},"canonical":"https:\/\/lindholm-kakelugnar.com\/sv\/kakelugnar\/","og_locale":"sv_SE","og_type":"article","og_title":"Klassiska Kakelugnar - Unika modeller | Lindholm Kakelugnar","og_description":"Utforska v\u00e5rt sortiment av antika klassiska kakelugnar. Hitta tidl\u00f6s design och skapa en mysig atmosf\u00e4r med v\u00e5ra klassiska kakelugnar.","og_url":"https:\/\/lindholm-kakelugnar.com\/sv\/kakelugnar\/","og_site_name":"Lindholm Kakelugnar","article_publisher":"https:\/\/www.facebook.com\/LindholmKakelugnar\/","article_modified_time":"2025-08-22T15:29:31+00:00","twitter_card":"summary_large_image","twitter_misc":{"Ber\u00e4knad l\u00e4stid":"1 minut"},"schema":{"@context":"https:\/\/schema.org","@graph":[{"@type":"WebPage","@id":"https:\/\/lindholm-kakelugnar.com\/kakelugnar\/","url":"https:\/\/lindholm-kakelugnar.com\/kakelugnar\/","name":"Klassiska Kakelugnar - Unika modeller | Lindholm Kakelugnar","isPartOf":{"@id":"https:\/\/lindholm-kakelugnar.com\/#website"},"datePublished":"2017-09-04T15:12:05+00:00","dateModified":"2025-08-22T15:29:31+00:00","description":"Utforska v\u00e5rt sortiment av antika klassiska kakelugnar. Hitta tidl\u00f6s design och skapa en mysig atmosf\u00e4r med v\u00e5ra klassiska kakelugnar.","breadcrumb":{"@id":"https:\/\/lindholm-kakelugnar.com\/kakelugnar\/#breadcrumb"},"inLanguage":"sv-SE","potentialAction":[{"@type":"ReadAction","target":["https:\/\/lindholm-kakelugnar.com\/kakelugnar\/"]}]},{"@type":"BreadcrumbList","@id":"https:\/\/lindholm-kakelugnar.com\/kakelugnar\/#breadcrumb","itemListElement":[{"@type":"ListItem","position":1,"name":"Start","item":"https:\/\/lindholm-kakelugnar.com\/"},{"@type":"ListItem","position":2,"name":"Uppt\u00e4ck v\u00e5r kollektion av klassiska kakelugnar"}]},{"@type":"WebSite","@id":"https:\/\/lindholm-kakelugnar.com\/#website","url":"https:\/\/lindholm-kakelugnar.com\/","name":"Lindholm Kakelugnar","description":"S\u00e4ljer och monterar antika kakelugnar","publisher":{"@id":"https:\/\/lindholm-kakelugnar.com\/#organization"},"potentialAction":[{"@type":"SearchAction","target":{"@type":"EntryPoint","urlTemplate":"https:\/\/lindholm-kakelugnar.com\/?s={search_term_string}"},"query-input":{"@type":"PropertyValueSpecification","valueRequired":true,"valueName":"search_term_string"}}],"inLanguage":"sv-SE"},{"@type":"Organization","@id":"https:\/\/lindholm-kakelugnar.com\/#organization","name":"Lindholm Kakelugnar","alternateName":"Lindholms","url":"https:\/\/lindholm-kakelugnar.com\/","logo":{"@type":"ImageObject","inLanguage":"sv-SE","@id":"https:\/\/lindholm-kakelugnar.com\/#\/schema\/logo\/image\/","url":"https:\/\/lindholm-kakelugnar.com\/wp-content\/uploads\/2025\/02\/favicon-lindholm.png","contentUrl":"https:\/\/lindholm-kakelugnar.com\/wp-content\/uploads\/2025\/02\/favicon-lindholm.png","width":512,"height":512,"caption":"Lindholm Kakelugnar"},"image":{"@id":"https:\/\/lindholm-kakelugnar.com\/#\/schema\/logo\/image\/"},"sameAs":["https:\/\/www.facebook.com\/LindholmKakelugnar\/"]}]}},"_links":{"self":[{"href":"https:\/\/lindholm-kakelugnar.com\/sv\/wp-json\/wp\/v2\/pages\/4","targetHints":{"allow":["GET"]}}],"collection":[{"href":"https:\/\/lindholm-kakelugnar.com\/sv\/wp-json\/wp\/v2\/pages"}],"about":[{"href":"https:\/\/lindholm-kakelugnar.com\/sv\/wp-json\/wp\/v2\/types\/page"}],"author":[{"embeddable":true,"href":"https:\/\/lindholm-kakelugnar.com\/sv\/wp-json\/wp\/v2\/users\/4"}],"replies":[{"embeddable":true,"href":"https:\/\/lindholm-kakelugnar.com\/sv\/wp-json\/wp\/v2\/comments?post=4"}],"version-history":[{"count":19,"href":"https:\/\/lindholm-kakelugnar.com\/sv\/wp-json\/wp\/v2\/pages\/4\/revisions"}],"predecessor-version":[{"id":4368,"href":"https:\/\/lindholm-kakelugnar.com\/sv\/wp-json\/wp\/v2\/pages\/4\/revisions\/4368"}],"wp:attachment":[{"href":"https:\/\/lindholm-kakelugnar.com\/sv\/wp-json\/wp\/v2\/media?parent=4"}],"curies":[{"name":"wp","href":"https:\/\/api.w.org\/{rel}","templated":true}]}}