{"id":2012,"date":"2017-09-14T14:55:56","date_gmt":"2017-09-14T12:55:56","guid":{"rendered":"http:\/\/lhkakel.hemhosting.se\/produkt\/nr-214-d\/"},"modified":"2025-04-09T19:42:57","modified_gmt":"2025-04-09T17:42:57","slug":"nr-214-d","status":"publish","type":"product","link":"https:\/\/lindholm-kakelugnar.com\/sv\/produkt\/nr-214-d\/","title":{"rendered":"Nr. 214 D (S\u00c5LD)."},"content":{"rendered":"<p>Vit kakelugn med reliefkakel och f\u00e4rgade friser. M\u00f6rk sockel. Tillverkad ca 1900. H\u00f6jd: 215 cm. F\u00f6r montering i h\u00f6rn.<\/p>\n<p>(Denna kakelugn \u00e4r s\u00e5ld).<\/p>\n","protected":false},"excerpt":{"rendered":"<p>Vit kakelugn med reliefkakel och f\u00e4rgade friser. M\u00f6rk sockel. Tillverkad ca 1900. H\u00f6jd: 215 cm. F\u00f6r montering i h\u00f6rn. (Denna kakelugn \u00e4r s\u00e5ld).<\/p>\n","protected":false},"featured_media":3414,"template":"","meta":[],"product_brand":[],"product_cat":[32],"product_tag":[],"class_list":{"0":"post-2012","1":"product","2":"type-product","3":"status-publish","4":"has-post-thumbnail","6":"product_cat-salda-kakelugnar","8":"first","9":"instock","10":"shipping-taxable","11":"product-type-simple"},"yoast_head":"<!-- This site is optimized with the Yoast SEO plugin v27.4 - https:\/\/yoast.com\/product\/yoast-seo-wordpress\/ -->\n<title>Nr. 214 D (S\u00c5LD). - Lindholm Kakelugnar<\/title>\n<meta name=\"robots\" content=\"index, follow, max-snippet:-1, max-image-preview:large, max-video-preview:-1\" \/>\n<link rel=\"canonical\" href=\"https:\/\/lindholm-kakelugnar.com\/sv\/produkt\/nr-214-d\/\" \/>\n<meta property=\"og:locale\" content=\"sv_SE\" \/>\n<meta property=\"og:type\" content=\"article\" \/>\n<meta property=\"og:title\" content=\"Nr. 214 D (S\u00c5LD). - Lindholm Kakelugnar\" \/>\n<meta property=\"og:description\" content=\"Vit kakelugn med reliefkakel och f\u00e4rgade friser. M\u00f6rk sockel. Tillverkad ca 1900. H\u00f6jd: 215 cm. F\u00f6r montering i h\u00f6rn. (Denna kakelugn \u00e4r s\u00e5ld).\" \/>\n<meta property=\"og:url\" content=\"https:\/\/lindholm-kakelugnar.com\/sv\/produkt\/nr-214-d\/\" \/>\n<meta property=\"og:site_name\" content=\"Lindholm Kakelugnar\" \/>\n<meta property=\"article:publisher\" content=\"https:\/\/www.facebook.com\/LindholmKakelugnar\/\" \/>\n<meta property=\"article:modified_time\" content=\"2025-04-09T17:42:57+00:00\" \/>\n<meta property=\"og:image\" content=\"https:\/\/lindholm-kakelugnar.com\/wp-content\/uploads\/2018\/01\/rund_kakelugn_214D-1.jpg\" \/>\n\t<meta property=\"og:image:width\" content=\"710\" \/>\n\t<meta property=\"og:image:height\" content=\"1576\" \/>\n\t<meta property=\"og:image:type\" content=\"image\/jpeg\" \/>\n<meta name=\"twitter:card\" content=\"summary_large_image\" \/>\n<meta name=\"twitter:label1\" content=\"Ber\u00e4knad l\u00e4stid\" \/>\n\t<meta name=\"twitter:data1\" content=\"1 minut\" \/>\n<script type=\"application\/ld+json\" class=\"yoast-schema-graph\">{\"@context\":\"https:\\\/\\\/schema.org\",\"@graph\":[{\"@type\":\"WebPage\",\"@id\":\"https:\\\/\\\/lindholm-kakelugnar.com\\\/produkt\\\/nr-214-d\\\/\",\"url\":\"https:\\\/\\\/lindholm-kakelugnar.com\\\/produkt\\\/nr-214-d\\\/\",\"name\":\"Nr. 214 D (S\u00c5LD). - Lindholm Kakelugnar\",\"isPartOf\":{\"@id\":\"https:\\\/\\\/lindholm-kakelugnar.com\\\/#website\"},\"primaryImageOfPage\":{\"@id\":\"https:\\\/\\\/lindholm-kakelugnar.com\\\/produkt\\\/nr-214-d\\\/#primaryimage\"},\"image\":{\"@id\":\"https:\\\/\\\/lindholm-kakelugnar.com\\\/produkt\\\/nr-214-d\\\/#primaryimage\"},\"thumbnailUrl\":\"https:\\\/\\\/lindholm-kakelugnar.com\\\/wp-content\\\/uploads\\\/2018\\\/01\\\/rund_kakelugn_214D-1.jpg\",\"datePublished\":\"2017-09-14T12:55:56+00:00\",\"dateModified\":\"2025-04-09T17:42:57+00:00\",\"breadcrumb\":{\"@id\":\"https:\\\/\\\/lindholm-kakelugnar.com\\\/produkt\\\/nr-214-d\\\/#breadcrumb\"},\"inLanguage\":\"sv-SE\",\"potentialAction\":[{\"@type\":\"ReadAction\",\"target\":[\"https:\\\/\\\/lindholm-kakelugnar.com\\\/produkt\\\/nr-214-d\\\/\"]}]},{\"@type\":\"ImageObject\",\"inLanguage\":\"sv-SE\",\"@id\":\"https:\\\/\\\/lindholm-kakelugnar.com\\\/produkt\\\/nr-214-d\\\/#primaryimage\",\"url\":\"https:\\\/\\\/lindholm-kakelugnar.com\\\/wp-content\\\/uploads\\\/2018\\\/01\\\/rund_kakelugn_214D-1.jpg\",\"contentUrl\":\"https:\\\/\\\/lindholm-kakelugnar.com\\\/wp-content\\\/uploads\\\/2018\\\/01\\\/rund_kakelugn_214D-1.jpg\",\"width\":710,\"height\":1576},{\"@type\":\"BreadcrumbList\",\"@id\":\"https:\\\/\\\/lindholm-kakelugnar.com\\\/produkt\\\/nr-214-d\\\/#breadcrumb\",\"itemListElement\":[{\"@type\":\"ListItem\",\"position\":1,\"name\":\"Start\",\"item\":\"https:\\\/\\\/lindholm-kakelugnar.com\\\/\"},{\"@type\":\"ListItem\",\"position\":2,\"name\":\"Uppt\u00e4ck v\u00e5r kollektion av klassiska kakelugnar\",\"item\":\"https:\\\/\\\/lindholm-kakelugnar.com\\\/kakelugnar\\\/\"},{\"@type\":\"ListItem\",\"position\":3,\"name\":\"Nr. 214 D (S\u00c5LD).\"}]},{\"@type\":\"WebSite\",\"@id\":\"https:\\\/\\\/lindholm-kakelugnar.com\\\/#website\",\"url\":\"https:\\\/\\\/lindholm-kakelugnar.com\\\/\",\"name\":\"Lindholm Kakelugnar\",\"description\":\"S\u00e4ljer och monterar antika kakelugnar\",\"publisher\":{\"@id\":\"https:\\\/\\\/lindholm-kakelugnar.com\\\/#organization\"},\"potentialAction\":[{\"@type\":\"SearchAction\",\"target\":{\"@type\":\"EntryPoint\",\"urlTemplate\":\"https:\\\/\\\/lindholm-kakelugnar.com\\\/?s={search_term_string}\"},\"query-input\":{\"@type\":\"PropertyValueSpecification\",\"valueRequired\":true,\"valueName\":\"search_term_string\"}}],\"inLanguage\":\"sv-SE\"},{\"@type\":\"Organization\",\"@id\":\"https:\\\/\\\/lindholm-kakelugnar.com\\\/#organization\",\"name\":\"Lindholm Kakelugnar\",\"alternateName\":\"Lindholms\",\"url\":\"https:\\\/\\\/lindholm-kakelugnar.com\\\/\",\"logo\":{\"@type\":\"ImageObject\",\"inLanguage\":\"sv-SE\",\"@id\":\"https:\\\/\\\/lindholm-kakelugnar.com\\\/#\\\/schema\\\/logo\\\/image\\\/\",\"url\":\"https:\\\/\\\/lindholm-kakelugnar.com\\\/wp-content\\\/uploads\\\/2025\\\/02\\\/favicon-lindholm.png\",\"contentUrl\":\"https:\\\/\\\/lindholm-kakelugnar.com\\\/wp-content\\\/uploads\\\/2025\\\/02\\\/favicon-lindholm.png\",\"width\":512,\"height\":512,\"caption\":\"Lindholm Kakelugnar\"},\"image\":{\"@id\":\"https:\\\/\\\/lindholm-kakelugnar.com\\\/#\\\/schema\\\/logo\\\/image\\\/\"},\"sameAs\":[\"https:\\\/\\\/www.facebook.com\\\/LindholmKakelugnar\\\/\"]}]}<\/script>\n<!-- \/ Yoast SEO plugin. -->","yoast_head_json":{"title":"Nr. 214 D (S\u00c5LD). - Lindholm Kakelugnar","robots":{"index":"index","follow":"follow","max-snippet":"max-snippet:-1","max-image-preview":"max-image-preview:large","max-video-preview":"max-video-preview:-1"},"canonical":"https:\/\/lindholm-kakelugnar.com\/sv\/produkt\/nr-214-d\/","og_locale":"sv_SE","og_type":"article","og_title":"Nr. 214 D (S\u00c5LD). - Lindholm Kakelugnar","og_description":"Vit kakelugn med reliefkakel och f\u00e4rgade friser. M\u00f6rk sockel. Tillverkad ca 1900. H\u00f6jd: 215 cm. F\u00f6r montering i h\u00f6rn. (Denna kakelugn \u00e4r s\u00e5ld).","og_url":"https:\/\/lindholm-kakelugnar.com\/sv\/produkt\/nr-214-d\/","og_site_name":"Lindholm Kakelugnar","article_publisher":"https:\/\/www.facebook.com\/LindholmKakelugnar\/","article_modified_time":"2025-04-09T17:42:57+00:00","og_image":[{"width":710,"height":1576,"url":"https:\/\/lindholm-kakelugnar.com\/wp-content\/uploads\/2018\/01\/rund_kakelugn_214D-1.jpg","type":"image\/jpeg"}],"twitter_card":"summary_large_image","twitter_misc":{"Ber\u00e4knad l\u00e4stid":"1 minut"},"schema":{"@context":"https:\/\/schema.org","@graph":[{"@type":"WebPage","@id":"https:\/\/lindholm-kakelugnar.com\/produkt\/nr-214-d\/","url":"https:\/\/lindholm-kakelugnar.com\/produkt\/nr-214-d\/","name":"Nr. 214 D (S\u00c5LD). - Lindholm Kakelugnar","isPartOf":{"@id":"https:\/\/lindholm-kakelugnar.com\/#website"},"primaryImageOfPage":{"@id":"https:\/\/lindholm-kakelugnar.com\/produkt\/nr-214-d\/#primaryimage"},"image":{"@id":"https:\/\/lindholm-kakelugnar.com\/produkt\/nr-214-d\/#primaryimage"},"thumbnailUrl":"https:\/\/lindholm-kakelugnar.com\/wp-content\/uploads\/2018\/01\/rund_kakelugn_214D-1.jpg","datePublished":"2017-09-14T12:55:56+00:00","dateModified":"2025-04-09T17:42:57+00:00","breadcrumb":{"@id":"https:\/\/lindholm-kakelugnar.com\/produkt\/nr-214-d\/#breadcrumb"},"inLanguage":"sv-SE","potentialAction":[{"@type":"ReadAction","target":["https:\/\/lindholm-kakelugnar.com\/produkt\/nr-214-d\/"]}]},{"@type":"ImageObject","inLanguage":"sv-SE","@id":"https:\/\/lindholm-kakelugnar.com\/produkt\/nr-214-d\/#primaryimage","url":"https:\/\/lindholm-kakelugnar.com\/wp-content\/uploads\/2018\/01\/rund_kakelugn_214D-1.jpg","contentUrl":"https:\/\/lindholm-kakelugnar.com\/wp-content\/uploads\/2018\/01\/rund_kakelugn_214D-1.jpg","width":710,"height":1576},{"@type":"BreadcrumbList","@id":"https:\/\/lindholm-kakelugnar.com\/produkt\/nr-214-d\/#breadcrumb","itemListElement":[{"@type":"ListItem","position":1,"name":"Start","item":"https:\/\/lindholm-kakelugnar.com\/"},{"@type":"ListItem","position":2,"name":"Uppt\u00e4ck v\u00e5r kollektion av klassiska kakelugnar","item":"https:\/\/lindholm-kakelugnar.com\/kakelugnar\/"},{"@type":"ListItem","position":3,"name":"Nr. 214 D (S\u00c5LD)."}]},{"@type":"WebSite","@id":"https:\/\/lindholm-kakelugnar.com\/#website","url":"https:\/\/lindholm-kakelugnar.com\/","name":"Lindholm Kakelugnar","description":"S\u00e4ljer och monterar antika kakelugnar","publisher":{"@id":"https:\/\/lindholm-kakelugnar.com\/#organization"},"potentialAction":[{"@type":"SearchAction","target":{"@type":"EntryPoint","urlTemplate":"https:\/\/lindholm-kakelugnar.com\/?s={search_term_string}"},"query-input":{"@type":"PropertyValueSpecification","valueRequired":true,"valueName":"search_term_string"}}],"inLanguage":"sv-SE"},{"@type":"Organization","@id":"https:\/\/lindholm-kakelugnar.com\/#organization","name":"Lindholm Kakelugnar","alternateName":"Lindholms","url":"https:\/\/lindholm-kakelugnar.com\/","logo":{"@type":"ImageObject","inLanguage":"sv-SE","@id":"https:\/\/lindholm-kakelugnar.com\/#\/schema\/logo\/image\/","url":"https:\/\/lindholm-kakelugnar.com\/wp-content\/uploads\/2025\/02\/favicon-lindholm.png","contentUrl":"https:\/\/lindholm-kakelugnar.com\/wp-content\/uploads\/2025\/02\/favicon-lindholm.png","width":512,"height":512,"caption":"Lindholm Kakelugnar"},"image":{"@id":"https:\/\/lindholm-kakelugnar.com\/#\/schema\/logo\/image\/"},"sameAs":["https:\/\/www.facebook.com\/LindholmKakelugnar\/"]}]}},"_links":{"self":[{"href":"https:\/\/lindholm-kakelugnar.com\/sv\/wp-json\/wp\/v2\/product\/2012","targetHints":{"allow":["GET"]}}],"collection":[{"href":"https:\/\/lindholm-kakelugnar.com\/sv\/wp-json\/wp\/v2\/product"}],"about":[{"href":"https:\/\/lindholm-kakelugnar.com\/sv\/wp-json\/wp\/v2\/types\/product"}],"wp:featuredmedia":[{"embeddable":true,"href":"https:\/\/lindholm-kakelugnar.com\/sv\/wp-json\/wp\/v2\/media\/3414"}],"wp:attachment":[{"href":"https:\/\/lindholm-kakelugnar.com\/sv\/wp-json\/wp\/v2\/media?parent=2012"}],"wp:term":[{"taxonomy":"product_brand","embeddable":true,"href":"https:\/\/lindholm-kakelugnar.com\/sv\/wp-json\/wp\/v2\/product_brand?post=2012"},{"taxonomy":"product_cat","embeddable":true,"href":"https:\/\/lindholm-kakelugnar.com\/sv\/wp-json\/wp\/v2\/product_cat?post=2012"},{"taxonomy":"product_tag","embeddable":true,"href":"https:\/\/lindholm-kakelugnar.com\/sv\/wp-json\/wp\/v2\/product_tag?post=2012"}],"curies":[{"name":"wp","href":"https:\/\/api.w.org\/{rel}","templated":true}]}}