{"id":2103,"date":"2017-09-14T14:56:37","date_gmt":"2017-09-14T12:56:37","guid":{"rendered":"http:\/\/lhkakel.hemhosting.se\/produkt\/nr-17-b\/"},"modified":"2025-04-04T09:53:48","modified_gmt":"2025-04-04T07:53:48","slug":"nr-17-b","status":"publish","type":"product","link":"https:\/\/lindholm-kakelugnar.com\/sv\/produkt\/nr-17-b\/","title":{"rendered":"Nr. 17 B"},"content":{"rendered":"<p>Rund h\u00f6g kakelugn med mittband och stiligt kr\u00f6n. Fantastiskt fin brun glasyr med vacker ornamentik, sl\u00e4ta m\u00f6rka sockelkakel. Ugnen \u00e4r tillverkad ca. 1900. Kakelugnen har eldstadsluckor i m\u00e4ssing och inre sotluckor i gjutj\u00e4rn (sotas inifr\u00e5n eldstaden). Denna kakelugn \u00e4r avsedd f\u00f6r montering i h\u00f6rn, men kan \u00e4ven anpassas f\u00f6r att st\u00e5 mot en rak v\u00e4gg. Alla v\u00e5ra kakelugnar levereras med noggrant rengjord glasyr och polerade m\u00e4ssingsdetaljer. H\u00f6jden kan s\u00e4nkas och anpassas till takh\u00f6jden i rummet d\u00e4r den ska monteras.<\/p>\n<p><strong>M\u00e5tt<\/strong><\/p>\n<ul>\n<li>H\u00f6jd: 292 cm.<\/li>\n<li>Diameter sockel: ca 82 cm.<\/li>\n<\/ul>\n","protected":false},"excerpt":{"rendered":"<p>Rund h\u00f6g kakelugn med mittband och stiligt kr\u00f6n. Fantastiskt fin brun glasyr med vacker ornamentik, sl\u00e4ta m\u00f6rka sockelkakel. Ugnen \u00e4r tillverkad ca. 1900. Kakelugnen har eldstadsluckor i m\u00e4ssing och inre sotluckor i gjutj\u00e4rn (sotas inifr\u00e5n eldstaden). Denna kakelugn \u00e4r avsedd f\u00f6r montering i h\u00f6rn, men kan \u00e4ven anpassas f\u00f6r att st\u00e5 mot en rak v\u00e4gg. [&hellip;]<\/p>\n","protected":false},"featured_media":3790,"template":"","meta":[],"product_brand":[],"product_cat":[18],"product_tag":[],"class_list":{"0":"post-2103","1":"product","2":"type-product","3":"status-publish","4":"has-post-thumbnail","6":"product_cat-rund-kakelugn","8":"first","9":"instock","10":"shipping-taxable","11":"product-type-simple"},"yoast_head":"<!-- This site is optimized with the Yoast SEO plugin v27.4 - https:\/\/yoast.com\/product\/yoast-seo-wordpress\/ -->\n<title>Nr. 17 B - Lindholm Kakelugnar<\/title>\n<meta name=\"description\" content=\"Ornamenterad brun kakelugn med m\u00f6rk sockel, tillverkad ca 1900. H\u00f6jd 292 cm. F\u00f6r montering i h\u00f6rn.\" \/>\n<meta name=\"robots\" content=\"index, follow, max-snippet:-1, max-image-preview:large, max-video-preview:-1\" \/>\n<link rel=\"canonical\" href=\"https:\/\/lindholm-kakelugnar.com\/sv\/produkt\/nr-17-b\/\" \/>\n<meta property=\"og:locale\" content=\"sv_SE\" \/>\n<meta property=\"og:type\" content=\"article\" \/>\n<meta property=\"og:title\" content=\"Nr. 17 B - Lindholm Kakelugnar\" \/>\n<meta property=\"og:description\" content=\"Ornamenterad brun kakelugn med m\u00f6rk sockel, tillverkad ca 1900. H\u00f6jd 292 cm. F\u00f6r montering i h\u00f6rn.\" \/>\n<meta property=\"og:url\" content=\"https:\/\/lindholm-kakelugnar.com\/sv\/produkt\/nr-17-b\/\" \/>\n<meta property=\"og:site_name\" content=\"Lindholm Kakelugnar\" \/>\n<meta property=\"article:publisher\" content=\"https:\/\/www.facebook.com\/LindholmKakelugnar\/\" \/>\n<meta property=\"article:modified_time\" content=\"2025-04-04T07:53:48+00:00\" \/>\n<meta property=\"og:image\" content=\"https:\/\/lindholm-kakelugnar.com\/wp-content\/uploads\/2020\/12\/17B-1.jpg\" \/>\n\t<meta property=\"og:image:width\" content=\"959\" \/>\n\t<meta property=\"og:image:height\" content=\"1400\" \/>\n\t<meta property=\"og:image:type\" content=\"image\/jpeg\" \/>\n<meta name=\"twitter:card\" content=\"summary_large_image\" \/>\n<meta name=\"twitter:label1\" content=\"Ber\u00e4knad l\u00e4stid\" \/>\n\t<meta name=\"twitter:data1\" content=\"1 minut\" \/>\n<script type=\"application\/ld+json\" class=\"yoast-schema-graph\">{\"@context\":\"https:\\\/\\\/schema.org\",\"@graph\":[{\"@type\":\"WebPage\",\"@id\":\"https:\\\/\\\/lindholm-kakelugnar.com\\\/produkt\\\/nr-17-b\\\/\",\"url\":\"https:\\\/\\\/lindholm-kakelugnar.com\\\/produkt\\\/nr-17-b\\\/\",\"name\":\"Nr. 17 B - Lindholm Kakelugnar\",\"isPartOf\":{\"@id\":\"https:\\\/\\\/lindholm-kakelugnar.com\\\/#website\"},\"primaryImageOfPage\":{\"@id\":\"https:\\\/\\\/lindholm-kakelugnar.com\\\/produkt\\\/nr-17-b\\\/#primaryimage\"},\"image\":{\"@id\":\"https:\\\/\\\/lindholm-kakelugnar.com\\\/produkt\\\/nr-17-b\\\/#primaryimage\"},\"thumbnailUrl\":\"https:\\\/\\\/lindholm-kakelugnar.com\\\/wp-content\\\/uploads\\\/2020\\\/12\\\/17B-1.jpg\",\"datePublished\":\"2017-09-14T12:56:37+00:00\",\"dateModified\":\"2025-04-04T07:53:48+00:00\",\"description\":\"Ornamenterad brun kakelugn med m\u00f6rk sockel, tillverkad ca 1900. H\u00f6jd 292 cm. F\u00f6r montering i h\u00f6rn.\",\"breadcrumb\":{\"@id\":\"https:\\\/\\\/lindholm-kakelugnar.com\\\/produkt\\\/nr-17-b\\\/#breadcrumb\"},\"inLanguage\":\"sv-SE\",\"potentialAction\":[{\"@type\":\"ReadAction\",\"target\":[\"https:\\\/\\\/lindholm-kakelugnar.com\\\/produkt\\\/nr-17-b\\\/\"]}]},{\"@type\":\"ImageObject\",\"inLanguage\":\"sv-SE\",\"@id\":\"https:\\\/\\\/lindholm-kakelugnar.com\\\/produkt\\\/nr-17-b\\\/#primaryimage\",\"url\":\"https:\\\/\\\/lindholm-kakelugnar.com\\\/wp-content\\\/uploads\\\/2020\\\/12\\\/17B-1.jpg\",\"contentUrl\":\"https:\\\/\\\/lindholm-kakelugnar.com\\\/wp-content\\\/uploads\\\/2020\\\/12\\\/17B-1.jpg\",\"width\":959,\"height\":1400},{\"@type\":\"BreadcrumbList\",\"@id\":\"https:\\\/\\\/lindholm-kakelugnar.com\\\/produkt\\\/nr-17-b\\\/#breadcrumb\",\"itemListElement\":[{\"@type\":\"ListItem\",\"position\":1,\"name\":\"Start\",\"item\":\"https:\\\/\\\/lindholm-kakelugnar.com\\\/\"},{\"@type\":\"ListItem\",\"position\":2,\"name\":\"Uppt\u00e4ck v\u00e5r kollektion av klassiska kakelugnar\",\"item\":\"https:\\\/\\\/lindholm-kakelugnar.com\\\/kakelugnar\\\/\"},{\"@type\":\"ListItem\",\"position\":3,\"name\":\"Nr. 17 B\"}]},{\"@type\":\"WebSite\",\"@id\":\"https:\\\/\\\/lindholm-kakelugnar.com\\\/#website\",\"url\":\"https:\\\/\\\/lindholm-kakelugnar.com\\\/\",\"name\":\"Lindholm Kakelugnar\",\"description\":\"S\u00e4ljer och monterar antika kakelugnar\",\"publisher\":{\"@id\":\"https:\\\/\\\/lindholm-kakelugnar.com\\\/#organization\"},\"potentialAction\":[{\"@type\":\"SearchAction\",\"target\":{\"@type\":\"EntryPoint\",\"urlTemplate\":\"https:\\\/\\\/lindholm-kakelugnar.com\\\/?s={search_term_string}\"},\"query-input\":{\"@type\":\"PropertyValueSpecification\",\"valueRequired\":true,\"valueName\":\"search_term_string\"}}],\"inLanguage\":\"sv-SE\"},{\"@type\":\"Organization\",\"@id\":\"https:\\\/\\\/lindholm-kakelugnar.com\\\/#organization\",\"name\":\"Lindholm Kakelugnar\",\"alternateName\":\"Lindholms\",\"url\":\"https:\\\/\\\/lindholm-kakelugnar.com\\\/\",\"logo\":{\"@type\":\"ImageObject\",\"inLanguage\":\"sv-SE\",\"@id\":\"https:\\\/\\\/lindholm-kakelugnar.com\\\/#\\\/schema\\\/logo\\\/image\\\/\",\"url\":\"https:\\\/\\\/lindholm-kakelugnar.com\\\/wp-content\\\/uploads\\\/2025\\\/02\\\/favicon-lindholm.png\",\"contentUrl\":\"https:\\\/\\\/lindholm-kakelugnar.com\\\/wp-content\\\/uploads\\\/2025\\\/02\\\/favicon-lindholm.png\",\"width\":512,\"height\":512,\"caption\":\"Lindholm Kakelugnar\"},\"image\":{\"@id\":\"https:\\\/\\\/lindholm-kakelugnar.com\\\/#\\\/schema\\\/logo\\\/image\\\/\"},\"sameAs\":[\"https:\\\/\\\/www.facebook.com\\\/LindholmKakelugnar\\\/\"]}]}<\/script>\n<!-- \/ Yoast SEO plugin. -->","yoast_head_json":{"title":"Nr. 17 B - Lindholm Kakelugnar","description":"Ornamenterad brun kakelugn med m\u00f6rk sockel, tillverkad ca 1900. H\u00f6jd 292 cm. F\u00f6r montering i h\u00f6rn.","robots":{"index":"index","follow":"follow","max-snippet":"max-snippet:-1","max-image-preview":"max-image-preview:large","max-video-preview":"max-video-preview:-1"},"canonical":"https:\/\/lindholm-kakelugnar.com\/sv\/produkt\/nr-17-b\/","og_locale":"sv_SE","og_type":"article","og_title":"Nr. 17 B - Lindholm Kakelugnar","og_description":"Ornamenterad brun kakelugn med m\u00f6rk sockel, tillverkad ca 1900. H\u00f6jd 292 cm. F\u00f6r montering i h\u00f6rn.","og_url":"https:\/\/lindholm-kakelugnar.com\/sv\/produkt\/nr-17-b\/","og_site_name":"Lindholm Kakelugnar","article_publisher":"https:\/\/www.facebook.com\/LindholmKakelugnar\/","article_modified_time":"2025-04-04T07:53:48+00:00","og_image":[{"width":959,"height":1400,"url":"https:\/\/lindholm-kakelugnar.com\/wp-content\/uploads\/2020\/12\/17B-1.jpg","type":"image\/jpeg"}],"twitter_card":"summary_large_image","twitter_misc":{"Ber\u00e4knad l\u00e4stid":"1 minut"},"schema":{"@context":"https:\/\/schema.org","@graph":[{"@type":"WebPage","@id":"https:\/\/lindholm-kakelugnar.com\/produkt\/nr-17-b\/","url":"https:\/\/lindholm-kakelugnar.com\/produkt\/nr-17-b\/","name":"Nr. 17 B - Lindholm Kakelugnar","isPartOf":{"@id":"https:\/\/lindholm-kakelugnar.com\/#website"},"primaryImageOfPage":{"@id":"https:\/\/lindholm-kakelugnar.com\/produkt\/nr-17-b\/#primaryimage"},"image":{"@id":"https:\/\/lindholm-kakelugnar.com\/produkt\/nr-17-b\/#primaryimage"},"thumbnailUrl":"https:\/\/lindholm-kakelugnar.com\/wp-content\/uploads\/2020\/12\/17B-1.jpg","datePublished":"2017-09-14T12:56:37+00:00","dateModified":"2025-04-04T07:53:48+00:00","description":"Ornamenterad brun kakelugn med m\u00f6rk sockel, tillverkad ca 1900. H\u00f6jd 292 cm. F\u00f6r montering i h\u00f6rn.","breadcrumb":{"@id":"https:\/\/lindholm-kakelugnar.com\/produkt\/nr-17-b\/#breadcrumb"},"inLanguage":"sv-SE","potentialAction":[{"@type":"ReadAction","target":["https:\/\/lindholm-kakelugnar.com\/produkt\/nr-17-b\/"]}]},{"@type":"ImageObject","inLanguage":"sv-SE","@id":"https:\/\/lindholm-kakelugnar.com\/produkt\/nr-17-b\/#primaryimage","url":"https:\/\/lindholm-kakelugnar.com\/wp-content\/uploads\/2020\/12\/17B-1.jpg","contentUrl":"https:\/\/lindholm-kakelugnar.com\/wp-content\/uploads\/2020\/12\/17B-1.jpg","width":959,"height":1400},{"@type":"BreadcrumbList","@id":"https:\/\/lindholm-kakelugnar.com\/produkt\/nr-17-b\/#breadcrumb","itemListElement":[{"@type":"ListItem","position":1,"name":"Start","item":"https:\/\/lindholm-kakelugnar.com\/"},{"@type":"ListItem","position":2,"name":"Uppt\u00e4ck v\u00e5r kollektion av klassiska kakelugnar","item":"https:\/\/lindholm-kakelugnar.com\/kakelugnar\/"},{"@type":"ListItem","position":3,"name":"Nr. 17 B"}]},{"@type":"WebSite","@id":"https:\/\/lindholm-kakelugnar.com\/#website","url":"https:\/\/lindholm-kakelugnar.com\/","name":"Lindholm Kakelugnar","description":"S\u00e4ljer och monterar antika kakelugnar","publisher":{"@id":"https:\/\/lindholm-kakelugnar.com\/#organization"},"potentialAction":[{"@type":"SearchAction","target":{"@type":"EntryPoint","urlTemplate":"https:\/\/lindholm-kakelugnar.com\/?s={search_term_string}"},"query-input":{"@type":"PropertyValueSpecification","valueRequired":true,"valueName":"search_term_string"}}],"inLanguage":"sv-SE"},{"@type":"Organization","@id":"https:\/\/lindholm-kakelugnar.com\/#organization","name":"Lindholm Kakelugnar","alternateName":"Lindholms","url":"https:\/\/lindholm-kakelugnar.com\/","logo":{"@type":"ImageObject","inLanguage":"sv-SE","@id":"https:\/\/lindholm-kakelugnar.com\/#\/schema\/logo\/image\/","url":"https:\/\/lindholm-kakelugnar.com\/wp-content\/uploads\/2025\/02\/favicon-lindholm.png","contentUrl":"https:\/\/lindholm-kakelugnar.com\/wp-content\/uploads\/2025\/02\/favicon-lindholm.png","width":512,"height":512,"caption":"Lindholm Kakelugnar"},"image":{"@id":"https:\/\/lindholm-kakelugnar.com\/#\/schema\/logo\/image\/"},"sameAs":["https:\/\/www.facebook.com\/LindholmKakelugnar\/"]}]}},"_links":{"self":[{"href":"https:\/\/lindholm-kakelugnar.com\/sv\/wp-json\/wp\/v2\/product\/2103","targetHints":{"allow":["GET"]}}],"collection":[{"href":"https:\/\/lindholm-kakelugnar.com\/sv\/wp-json\/wp\/v2\/product"}],"about":[{"href":"https:\/\/lindholm-kakelugnar.com\/sv\/wp-json\/wp\/v2\/types\/product"}],"wp:featuredmedia":[{"embeddable":true,"href":"https:\/\/lindholm-kakelugnar.com\/sv\/wp-json\/wp\/v2\/media\/3790"}],"wp:attachment":[{"href":"https:\/\/lindholm-kakelugnar.com\/sv\/wp-json\/wp\/v2\/media?parent=2103"}],"wp:term":[{"taxonomy":"product_brand","embeddable":true,"href":"https:\/\/lindholm-kakelugnar.com\/sv\/wp-json\/wp\/v2\/product_brand?post=2103"},{"taxonomy":"product_cat","embeddable":true,"href":"https:\/\/lindholm-kakelugnar.com\/sv\/wp-json\/wp\/v2\/product_cat?post=2103"},{"taxonomy":"product_tag","embeddable":true,"href":"https:\/\/lindholm-kakelugnar.com\/sv\/wp-json\/wp\/v2\/product_tag?post=2103"}],"curies":[{"name":"wp","href":"https:\/\/api.w.org\/{rel}","templated":true}]}}