{"id":2173,"date":"2017-09-14T14:57:07","date_gmt":"2017-09-14T12:57:07","guid":{"rendered":"http:\/\/lhkakel.hemhosting.se\/produkt\/nr-245-d\/"},"modified":"2026-04-16T09:31:55","modified_gmt":"2026-04-16T07:31:55","slug":"nr-245-d","status":"publish","type":"product","link":"https:\/\/lindholm-kakelugnar.com\/sv\/produkt\/nr-245-d\/","title":{"rendered":"Nr. 245 D"},"content":{"rendered":"<p>Fantastiskt v\u00e4lbevarad rektangul\u00e4r kakelugn i klassisk 1700-talsstil, elegant nisch och handm\u00e5lade blomdekorer. Kakelugnen har ett mycket vackert kr\u00f6nparti. Eldstadens tidstypiska m\u00e4ssingsd\u00f6rrar \u00e4r ovanligt gedigna. Ugnen \u00e4r tillverkad av Karlskrona Kakelfabrik ca. 1915. Kakelugnen \u00e4r avsedd f\u00f6r montering mot rak v\u00e4gg, men kan \u00e4ven placeras i ett h\u00f6rn. Alla v\u00e5ra kakelugnar levereras med noggrant rengjord glasyr och polerade m\u00e4ssingsdetaljer.<\/p>\n<p><strong>M\u00e5tt<\/strong><\/p>\n<ul>\n<li>H\u00f6jd: 256 cm.<\/li>\n<li>Sockel: 92 x 57 cm.<\/li>\n<\/ul>\n","protected":false},"excerpt":{"rendered":"<p>Fantastiskt v\u00e4lbevarad rektangul\u00e4r kakelugn i klassisk 1700-talsstil, elegant nisch och handm\u00e5lade blomdekorer. Kakelugnen har ett mycket vackert kr\u00f6nparti. Eldstadens tidstypiska m\u00e4ssingsd\u00f6rrar \u00e4r ovanligt gedigna. Ugnen \u00e4r tillverkad av Karlskrona Kakelfabrik ca. 1915. Kakelugnen \u00e4r avsedd f\u00f6r montering mot rak v\u00e4gg, men kan \u00e4ven placeras i ett h\u00f6rn. Alla v\u00e5ra kakelugnar levereras med noggrant rengjord glasyr [&hellip;]<\/p>\n","protected":false},"featured_media":3236,"template":"","meta":[],"product_brand":[],"product_cat":[19],"product_tag":[],"class_list":{"0":"post-2173","1":"product","2":"type-product","3":"status-publish","4":"has-post-thumbnail","6":"product_cat-rektangulara","8":"first","9":"instock","10":"shipping-taxable","11":"product-type-simple"},"yoast_head":"<!-- This site is optimized with the Yoast SEO plugin v27.5 - https:\/\/yoast.com\/product\/yoast-seo-wordpress\/ -->\n<title>Nr. 245 D - Lindholm Kakelugnar<\/title>\n<meta name=\"description\" content=\"Fantastiskt v\u00e4lbevarad kakelugn i klassisk 1700-talsstil med handm\u00e5lade blomdekorer i sepiatoner. Ugnen har ett mycket vackert kr\u00f6nparti och m\u00e4ssingsd\u00f6rrarna \u00e4r tidstypiska och ovanligt gedigna. Ugnen kan smycka s\u00e5v\u00e4l en rak v\u00e4gg, som ett h\u00f6rn.Tillverkad av Karlskrona Kakelfabrik cirka 1915.\" \/>\n<meta name=\"robots\" content=\"index, follow, max-snippet:-1, max-image-preview:large, max-video-preview:-1\" \/>\n<link rel=\"canonical\" href=\"https:\/\/lindholm-kakelugnar.com\/sv\/produkt\/nr-245-d\/\" \/>\n<meta property=\"og:locale\" content=\"sv_SE\" \/>\n<meta property=\"og:type\" content=\"article\" \/>\n<meta property=\"og:title\" content=\"Nr. 245 D - Lindholm Kakelugnar\" \/>\n<meta property=\"og:description\" content=\"Fantastiskt v\u00e4lbevarad kakelugn i klassisk 1700-talsstil med handm\u00e5lade blomdekorer i sepiatoner. Ugnen har ett mycket vackert kr\u00f6nparti och m\u00e4ssingsd\u00f6rrarna \u00e4r tidstypiska och ovanligt gedigna. Ugnen kan smycka s\u00e5v\u00e4l en rak v\u00e4gg, som ett h\u00f6rn.Tillverkad av Karlskrona Kakelfabrik cirka 1915.\" \/>\n<meta property=\"og:url\" content=\"https:\/\/lindholm-kakelugnar.com\/sv\/produkt\/nr-245-d\/\" \/>\n<meta property=\"og:site_name\" content=\"Lindholm Kakelugnar\" \/>\n<meta property=\"article:publisher\" content=\"https:\/\/www.facebook.com\/LindholmKakelugnar\/\" \/>\n<meta property=\"article:modified_time\" content=\"2026-04-16T07:31:55+00:00\" \/>\n<meta property=\"og:image\" content=\"https:\/\/lindholm-kakelugnar.com\/wp-content\/uploads\/2018\/01\/rektangul\u00e4r_kakelugn_245D-5-scaled.jpg\" \/>\n\t<meta property=\"og:image:width\" content=\"2588\" \/>\n\t<meta property=\"og:image:height\" content=\"2788\" \/>\n\t<meta property=\"og:image:type\" content=\"image\/jpeg\" \/>\n<meta name=\"twitter:card\" content=\"summary_large_image\" \/>\n<meta name=\"twitter:label1\" content=\"Ber\u00e4knad l\u00e4stid\" \/>\n\t<meta name=\"twitter:data1\" content=\"1 minut\" \/>\n<script type=\"application\/ld+json\" class=\"yoast-schema-graph\">{\"@context\":\"https:\\\/\\\/schema.org\",\"@graph\":[{\"@type\":\"WebPage\",\"@id\":\"https:\\\/\\\/lindholm-kakelugnar.com\\\/produkt\\\/nr-245-d\\\/\",\"url\":\"https:\\\/\\\/lindholm-kakelugnar.com\\\/produkt\\\/nr-245-d\\\/\",\"name\":\"Nr. 245 D - Lindholm Kakelugnar\",\"isPartOf\":{\"@id\":\"https:\\\/\\\/lindholm-kakelugnar.com\\\/#website\"},\"primaryImageOfPage\":{\"@id\":\"https:\\\/\\\/lindholm-kakelugnar.com\\\/produkt\\\/nr-245-d\\\/#primaryimage\"},\"image\":{\"@id\":\"https:\\\/\\\/lindholm-kakelugnar.com\\\/produkt\\\/nr-245-d\\\/#primaryimage\"},\"thumbnailUrl\":\"https:\\\/\\\/lindholm-kakelugnar.com\\\/wp-content\\\/uploads\\\/2018\\\/01\\\/rektangul\u00e4r_kakelugn_245D-5-scaled.jpg\",\"datePublished\":\"2017-09-14T12:57:07+00:00\",\"dateModified\":\"2026-04-16T07:31:55+00:00\",\"description\":\"Fantastiskt v\u00e4lbevarad kakelugn i klassisk 1700-talsstil med handm\u00e5lade blomdekorer i sepiatoner. Ugnen har ett mycket vackert kr\u00f6nparti och m\u00e4ssingsd\u00f6rrarna \u00e4r tidstypiska och ovanligt gedigna. Ugnen kan smycka s\u00e5v\u00e4l en rak v\u00e4gg, som ett h\u00f6rn.Tillverkad av Karlskrona Kakelfabrik cirka 1915.\",\"breadcrumb\":{\"@id\":\"https:\\\/\\\/lindholm-kakelugnar.com\\\/produkt\\\/nr-245-d\\\/#breadcrumb\"},\"inLanguage\":\"sv-SE\",\"potentialAction\":[{\"@type\":\"ReadAction\",\"target\":[\"https:\\\/\\\/lindholm-kakelugnar.com\\\/produkt\\\/nr-245-d\\\/\"]}]},{\"@type\":\"ImageObject\",\"inLanguage\":\"sv-SE\",\"@id\":\"https:\\\/\\\/lindholm-kakelugnar.com\\\/produkt\\\/nr-245-d\\\/#primaryimage\",\"url\":\"https:\\\/\\\/lindholm-kakelugnar.com\\\/wp-content\\\/uploads\\\/2018\\\/01\\\/rektangul\u00e4r_kakelugn_245D-5-scaled.jpg\",\"contentUrl\":\"https:\\\/\\\/lindholm-kakelugnar.com\\\/wp-content\\\/uploads\\\/2018\\\/01\\\/rektangul\u00e4r_kakelugn_245D-5-scaled.jpg\",\"width\":2588,\"height\":2788},{\"@type\":\"BreadcrumbList\",\"@id\":\"https:\\\/\\\/lindholm-kakelugnar.com\\\/produkt\\\/nr-245-d\\\/#breadcrumb\",\"itemListElement\":[{\"@type\":\"ListItem\",\"position\":1,\"name\":\"Start\",\"item\":\"https:\\\/\\\/lindholm-kakelugnar.com\\\/\"},{\"@type\":\"ListItem\",\"position\":2,\"name\":\"Uppt\u00e4ck v\u00e5r kollektion av klassiska kakelugnar\",\"item\":\"https:\\\/\\\/lindholm-kakelugnar.com\\\/kakelugnar\\\/\"},{\"@type\":\"ListItem\",\"position\":3,\"name\":\"Nr. 245 D\"}]},{\"@type\":\"WebSite\",\"@id\":\"https:\\\/\\\/lindholm-kakelugnar.com\\\/#website\",\"url\":\"https:\\\/\\\/lindholm-kakelugnar.com\\\/\",\"name\":\"Lindholm Kakelugnar\",\"description\":\"S\u00e4ljer och monterar antika kakelugnar\",\"publisher\":{\"@id\":\"https:\\\/\\\/lindholm-kakelugnar.com\\\/#organization\"},\"potentialAction\":[{\"@type\":\"SearchAction\",\"target\":{\"@type\":\"EntryPoint\",\"urlTemplate\":\"https:\\\/\\\/lindholm-kakelugnar.com\\\/?s={search_term_string}\"},\"query-input\":{\"@type\":\"PropertyValueSpecification\",\"valueRequired\":true,\"valueName\":\"search_term_string\"}}],\"inLanguage\":\"sv-SE\"},{\"@type\":\"Organization\",\"@id\":\"https:\\\/\\\/lindholm-kakelugnar.com\\\/#organization\",\"name\":\"Lindholm Kakelugnar\",\"alternateName\":\"Lindholms\",\"url\":\"https:\\\/\\\/lindholm-kakelugnar.com\\\/\",\"logo\":{\"@type\":\"ImageObject\",\"inLanguage\":\"sv-SE\",\"@id\":\"https:\\\/\\\/lindholm-kakelugnar.com\\\/#\\\/schema\\\/logo\\\/image\\\/\",\"url\":\"https:\\\/\\\/lindholm-kakelugnar.com\\\/wp-content\\\/uploads\\\/2025\\\/02\\\/favicon-lindholm.png\",\"contentUrl\":\"https:\\\/\\\/lindholm-kakelugnar.com\\\/wp-content\\\/uploads\\\/2025\\\/02\\\/favicon-lindholm.png\",\"width\":512,\"height\":512,\"caption\":\"Lindholm Kakelugnar\"},\"image\":{\"@id\":\"https:\\\/\\\/lindholm-kakelugnar.com\\\/#\\\/schema\\\/logo\\\/image\\\/\"},\"sameAs\":[\"https:\\\/\\\/www.facebook.com\\\/LindholmKakelugnar\\\/\"]}]}<\/script>\n<!-- \/ Yoast SEO plugin. -->","yoast_head_json":{"title":"Nr. 245 D - Lindholm Kakelugnar","description":"Fantastiskt v\u00e4lbevarad kakelugn i klassisk 1700-talsstil med handm\u00e5lade blomdekorer i sepiatoner. Ugnen har ett mycket vackert kr\u00f6nparti och m\u00e4ssingsd\u00f6rrarna \u00e4r tidstypiska och ovanligt gedigna. Ugnen kan smycka s\u00e5v\u00e4l en rak v\u00e4gg, som ett h\u00f6rn.Tillverkad av Karlskrona Kakelfabrik cirka 1915.","robots":{"index":"index","follow":"follow","max-snippet":"max-snippet:-1","max-image-preview":"max-image-preview:large","max-video-preview":"max-video-preview:-1"},"canonical":"https:\/\/lindholm-kakelugnar.com\/sv\/produkt\/nr-245-d\/","og_locale":"sv_SE","og_type":"article","og_title":"Nr. 245 D - Lindholm Kakelugnar","og_description":"Fantastiskt v\u00e4lbevarad kakelugn i klassisk 1700-talsstil med handm\u00e5lade blomdekorer i sepiatoner. Ugnen har ett mycket vackert kr\u00f6nparti och m\u00e4ssingsd\u00f6rrarna \u00e4r tidstypiska och ovanligt gedigna. Ugnen kan smycka s\u00e5v\u00e4l en rak v\u00e4gg, som ett h\u00f6rn.Tillverkad av Karlskrona Kakelfabrik cirka 1915.","og_url":"https:\/\/lindholm-kakelugnar.com\/sv\/produkt\/nr-245-d\/","og_site_name":"Lindholm Kakelugnar","article_publisher":"https:\/\/www.facebook.com\/LindholmKakelugnar\/","article_modified_time":"2026-04-16T07:31:55+00:00","og_image":[{"width":2588,"height":2788,"url":"https:\/\/lindholm-kakelugnar.com\/wp-content\/uploads\/2018\/01\/rektangul\u00e4r_kakelugn_245D-5-scaled.jpg","type":"image\/jpeg"}],"twitter_card":"summary_large_image","twitter_misc":{"Ber\u00e4knad l\u00e4stid":"1 minut"},"schema":{"@context":"https:\/\/schema.org","@graph":[{"@type":"WebPage","@id":"https:\/\/lindholm-kakelugnar.com\/produkt\/nr-245-d\/","url":"https:\/\/lindholm-kakelugnar.com\/produkt\/nr-245-d\/","name":"Nr. 245 D - Lindholm Kakelugnar","isPartOf":{"@id":"https:\/\/lindholm-kakelugnar.com\/#website"},"primaryImageOfPage":{"@id":"https:\/\/lindholm-kakelugnar.com\/produkt\/nr-245-d\/#primaryimage"},"image":{"@id":"https:\/\/lindholm-kakelugnar.com\/produkt\/nr-245-d\/#primaryimage"},"thumbnailUrl":"https:\/\/lindholm-kakelugnar.com\/wp-content\/uploads\/2018\/01\/rektangul\u00e4r_kakelugn_245D-5-scaled.jpg","datePublished":"2017-09-14T12:57:07+00:00","dateModified":"2026-04-16T07:31:55+00:00","description":"Fantastiskt v\u00e4lbevarad kakelugn i klassisk 1700-talsstil med handm\u00e5lade blomdekorer i sepiatoner. Ugnen har ett mycket vackert kr\u00f6nparti och m\u00e4ssingsd\u00f6rrarna \u00e4r tidstypiska och ovanligt gedigna. Ugnen kan smycka s\u00e5v\u00e4l en rak v\u00e4gg, som ett h\u00f6rn.Tillverkad av Karlskrona Kakelfabrik cirka 1915.","breadcrumb":{"@id":"https:\/\/lindholm-kakelugnar.com\/produkt\/nr-245-d\/#breadcrumb"},"inLanguage":"sv-SE","potentialAction":[{"@type":"ReadAction","target":["https:\/\/lindholm-kakelugnar.com\/produkt\/nr-245-d\/"]}]},{"@type":"ImageObject","inLanguage":"sv-SE","@id":"https:\/\/lindholm-kakelugnar.com\/produkt\/nr-245-d\/#primaryimage","url":"https:\/\/lindholm-kakelugnar.com\/wp-content\/uploads\/2018\/01\/rektangul\u00e4r_kakelugn_245D-5-scaled.jpg","contentUrl":"https:\/\/lindholm-kakelugnar.com\/wp-content\/uploads\/2018\/01\/rektangul\u00e4r_kakelugn_245D-5-scaled.jpg","width":2588,"height":2788},{"@type":"BreadcrumbList","@id":"https:\/\/lindholm-kakelugnar.com\/produkt\/nr-245-d\/#breadcrumb","itemListElement":[{"@type":"ListItem","position":1,"name":"Start","item":"https:\/\/lindholm-kakelugnar.com\/"},{"@type":"ListItem","position":2,"name":"Uppt\u00e4ck v\u00e5r kollektion av klassiska kakelugnar","item":"https:\/\/lindholm-kakelugnar.com\/kakelugnar\/"},{"@type":"ListItem","position":3,"name":"Nr. 245 D"}]},{"@type":"WebSite","@id":"https:\/\/lindholm-kakelugnar.com\/#website","url":"https:\/\/lindholm-kakelugnar.com\/","name":"Lindholm Kakelugnar","description":"S\u00e4ljer och monterar antika kakelugnar","publisher":{"@id":"https:\/\/lindholm-kakelugnar.com\/#organization"},"potentialAction":[{"@type":"SearchAction","target":{"@type":"EntryPoint","urlTemplate":"https:\/\/lindholm-kakelugnar.com\/?s={search_term_string}"},"query-input":{"@type":"PropertyValueSpecification","valueRequired":true,"valueName":"search_term_string"}}],"inLanguage":"sv-SE"},{"@type":"Organization","@id":"https:\/\/lindholm-kakelugnar.com\/#organization","name":"Lindholm Kakelugnar","alternateName":"Lindholms","url":"https:\/\/lindholm-kakelugnar.com\/","logo":{"@type":"ImageObject","inLanguage":"sv-SE","@id":"https:\/\/lindholm-kakelugnar.com\/#\/schema\/logo\/image\/","url":"https:\/\/lindholm-kakelugnar.com\/wp-content\/uploads\/2025\/02\/favicon-lindholm.png","contentUrl":"https:\/\/lindholm-kakelugnar.com\/wp-content\/uploads\/2025\/02\/favicon-lindholm.png","width":512,"height":512,"caption":"Lindholm Kakelugnar"},"image":{"@id":"https:\/\/lindholm-kakelugnar.com\/#\/schema\/logo\/image\/"},"sameAs":["https:\/\/www.facebook.com\/LindholmKakelugnar\/"]}]}},"_links":{"self":[{"href":"https:\/\/lindholm-kakelugnar.com\/sv\/wp-json\/wp\/v2\/product\/2173","targetHints":{"allow":["GET"]}}],"collection":[{"href":"https:\/\/lindholm-kakelugnar.com\/sv\/wp-json\/wp\/v2\/product"}],"about":[{"href":"https:\/\/lindholm-kakelugnar.com\/sv\/wp-json\/wp\/v2\/types\/product"}],"wp:featuredmedia":[{"embeddable":true,"href":"https:\/\/lindholm-kakelugnar.com\/sv\/wp-json\/wp\/v2\/media\/3236"}],"wp:attachment":[{"href":"https:\/\/lindholm-kakelugnar.com\/sv\/wp-json\/wp\/v2\/media?parent=2173"}],"wp:term":[{"taxonomy":"product_brand","embeddable":true,"href":"https:\/\/lindholm-kakelugnar.com\/sv\/wp-json\/wp\/v2\/product_brand?post=2173"},{"taxonomy":"product_cat","embeddable":true,"href":"https:\/\/lindholm-kakelugnar.com\/sv\/wp-json\/wp\/v2\/product_cat?post=2173"},{"taxonomy":"product_tag","embeddable":true,"href":"https:\/\/lindholm-kakelugnar.com\/sv\/wp-json\/wp\/v2\/product_tag?post=2173"}],"curies":[{"name":"wp","href":"https:\/\/api.w.org\/{rel}","templated":true}]}}