{"id":2323,"date":"2017-09-14T14:58:07","date_gmt":"2017-09-14T12:58:07","guid":{"rendered":"http:\/\/lhkakel.hemhosting.se\/produkt\/nr-235-d\/"},"modified":"2026-04-27T06:45:36","modified_gmt":"2026-04-27T04:45:36","slug":"nr-235-d","status":"publish","type":"product","link":"https:\/\/lindholm-kakelugnar.com\/sv\/produkt\/nr-235-d\/","title":{"rendered":"Nr. 235 D  (S\u00c5LD)."},"content":{"rendered":"<p>En mycket fin rektangul\u00e4r sk\u00e4nkugn med gr\u00f6nst\u00e4nkt dekor, tillverkad ca. 1830. Kakelugnen har en fantastiskt l\u00e4cker skimrande glasyr, se detaljbilder. Ugnen hade tidigare \u00f6verm\u00e5lade eldstadsluckor, f\u00e4rgen har avl\u00e4gsnats och luckorna restaurerats till originalskick, se bilder p\u00e5 kakelugnen utlagd. Eldstadsluckor i pl\u00e5t och sotluckor i m\u00e4ssing. Denna kakelugn \u00e4r avsedd f\u00f6r montering mot rak v\u00e4gg, men kan \u00e4ven placeras i ett h\u00f6rn. Alla v\u00e5ra kakelugnar levereras med noggrant rengjord glasyr och polerade m\u00e4ssingsdetaljer.<\/p>\n<p><strong>M\u00e5tt<\/strong><\/p>\n<ul>\n<li>H\u00f6jd: 201 cm.<\/li>\n<li>Sockel: 67 x 101 cm.<\/li>\n<\/ul>\n<p>&nbsp;<\/p>\n","protected":false},"excerpt":{"rendered":"<p>En mycket fin rektangul\u00e4r sk\u00e4nkugn med gr\u00f6nst\u00e4nkt dekor, tillverkad ca. 1830. Kakelugnen har en fantastiskt l\u00e4cker skimrande glasyr, se detaljbilder. Ugnen hade tidigare \u00f6verm\u00e5lade eldstadsluckor, f\u00e4rgen har avl\u00e4gsnats och luckorna restaurerats till originalskick, se bilder p\u00e5 kakelugnen utlagd. Eldstadsluckor i pl\u00e5t och sotluckor i m\u00e4ssing. Denna kakelugn \u00e4r avsedd f\u00f6r montering mot rak v\u00e4gg, men [&hellip;]<\/p>\n","protected":false},"featured_media":3227,"template":"","meta":[],"product_brand":[],"product_cat":[20,19],"product_tag":[],"class_list":{"0":"post-2323","1":"product","2":"type-product","3":"status-publish","4":"has-post-thumbnail","6":"product_cat-hantverksugnar","7":"product_cat-rektangulara","9":"first","10":"instock","11":"shipping-taxable","12":"product-type-simple"},"yoast_head":"<!-- This site is optimized with the Yoast SEO plugin v27.5 - https:\/\/yoast.com\/product\/yoast-seo-wordpress\/ -->\n<title>Nr. 235 D (S\u00c5LD). - Lindholm Kakelugnar<\/title>\n<meta name=\"robots\" content=\"index, follow, max-snippet:-1, max-image-preview:large, max-video-preview:-1\" \/>\n<link rel=\"canonical\" href=\"https:\/\/lindholm-kakelugnar.com\/sv\/produkt\/nr-235-d\/\" \/>\n<meta property=\"og:locale\" content=\"sv_SE\" \/>\n<meta property=\"og:type\" content=\"article\" \/>\n<meta property=\"og:title\" content=\"Nr. 235 D (S\u00c5LD). - Lindholm Kakelugnar\" \/>\n<meta property=\"og:description\" content=\"En mycket fin rektangul\u00e4r sk\u00e4nkugn med gr\u00f6nst\u00e4nkt dekor, tillverkad ca. 1830. Kakelugnen har en fantastiskt l\u00e4cker skimrande glasyr, se detaljbilder. Ugnen hade tidigare \u00f6verm\u00e5lade eldstadsluckor, f\u00e4rgen har avl\u00e4gsnats och luckorna restaurerats till originalskick, se bilder p\u00e5 kakelugnen utlagd. Eldstadsluckor i pl\u00e5t och sotluckor i m\u00e4ssing. Denna kakelugn \u00e4r avsedd f\u00f6r montering mot rak v\u00e4gg, men [&hellip;]\" \/>\n<meta property=\"og:url\" content=\"https:\/\/lindholm-kakelugnar.com\/sv\/produkt\/nr-235-d\/\" \/>\n<meta property=\"og:site_name\" content=\"Lindholm Kakelugnar\" \/>\n<meta property=\"article:publisher\" content=\"https:\/\/www.facebook.com\/LindholmKakelugnar\/\" \/>\n<meta property=\"article:modified_time\" content=\"2026-04-27T04:45:36+00:00\" \/>\n<meta property=\"og:image\" content=\"https:\/\/lindholm-kakelugnar.com\/wp-content\/uploads\/2018\/01\/rektangul\u00e4r_kakelugn_235D-1.jpg\" \/>\n\t<meta property=\"og:image:width\" content=\"934\" \/>\n\t<meta property=\"og:image:height\" content=\"1501\" \/>\n\t<meta property=\"og:image:type\" content=\"image\/jpeg\" \/>\n<meta name=\"twitter:card\" content=\"summary_large_image\" \/>\n<meta name=\"twitter:label1\" content=\"Ber\u00e4knad l\u00e4stid\" \/>\n\t<meta name=\"twitter:data1\" content=\"1 minut\" \/>\n<script type=\"application\/ld+json\" class=\"yoast-schema-graph\">{\"@context\":\"https:\\\/\\\/schema.org\",\"@graph\":[{\"@type\":\"WebPage\",\"@id\":\"https:\\\/\\\/lindholm-kakelugnar.com\\\/produkt\\\/nr-235-d\\\/\",\"url\":\"https:\\\/\\\/lindholm-kakelugnar.com\\\/produkt\\\/nr-235-d\\\/\",\"name\":\"Nr. 235 D (S\u00c5LD). - Lindholm Kakelugnar\",\"isPartOf\":{\"@id\":\"https:\\\/\\\/lindholm-kakelugnar.com\\\/#website\"},\"primaryImageOfPage\":{\"@id\":\"https:\\\/\\\/lindholm-kakelugnar.com\\\/produkt\\\/nr-235-d\\\/#primaryimage\"},\"image\":{\"@id\":\"https:\\\/\\\/lindholm-kakelugnar.com\\\/produkt\\\/nr-235-d\\\/#primaryimage\"},\"thumbnailUrl\":\"https:\\\/\\\/lindholm-kakelugnar.com\\\/wp-content\\\/uploads\\\/2018\\\/01\\\/rektangul\u00e4r_kakelugn_235D-1.jpg\",\"datePublished\":\"2017-09-14T12:58:07+00:00\",\"dateModified\":\"2026-04-27T04:45:36+00:00\",\"breadcrumb\":{\"@id\":\"https:\\\/\\\/lindholm-kakelugnar.com\\\/produkt\\\/nr-235-d\\\/#breadcrumb\"},\"inLanguage\":\"sv-SE\",\"potentialAction\":[{\"@type\":\"ReadAction\",\"target\":[\"https:\\\/\\\/lindholm-kakelugnar.com\\\/produkt\\\/nr-235-d\\\/\"]}]},{\"@type\":\"ImageObject\",\"inLanguage\":\"sv-SE\",\"@id\":\"https:\\\/\\\/lindholm-kakelugnar.com\\\/produkt\\\/nr-235-d\\\/#primaryimage\",\"url\":\"https:\\\/\\\/lindholm-kakelugnar.com\\\/wp-content\\\/uploads\\\/2018\\\/01\\\/rektangul\u00e4r_kakelugn_235D-1.jpg\",\"contentUrl\":\"https:\\\/\\\/lindholm-kakelugnar.com\\\/wp-content\\\/uploads\\\/2018\\\/01\\\/rektangul\u00e4r_kakelugn_235D-1.jpg\",\"width\":934,\"height\":1501},{\"@type\":\"BreadcrumbList\",\"@id\":\"https:\\\/\\\/lindholm-kakelugnar.com\\\/produkt\\\/nr-235-d\\\/#breadcrumb\",\"itemListElement\":[{\"@type\":\"ListItem\",\"position\":1,\"name\":\"Start\",\"item\":\"https:\\\/\\\/lindholm-kakelugnar.com\\\/\"},{\"@type\":\"ListItem\",\"position\":2,\"name\":\"Uppt\u00e4ck v\u00e5r kollektion av klassiska kakelugnar\",\"item\":\"https:\\\/\\\/lindholm-kakelugnar.com\\\/kakelugnar\\\/\"},{\"@type\":\"ListItem\",\"position\":3,\"name\":\"Nr. 235 D (S\u00c5LD).\"}]},{\"@type\":\"WebSite\",\"@id\":\"https:\\\/\\\/lindholm-kakelugnar.com\\\/#website\",\"url\":\"https:\\\/\\\/lindholm-kakelugnar.com\\\/\",\"name\":\"Lindholm Kakelugnar\",\"description\":\"S\u00e4ljer och monterar antika kakelugnar\",\"publisher\":{\"@id\":\"https:\\\/\\\/lindholm-kakelugnar.com\\\/#organization\"},\"potentialAction\":[{\"@type\":\"SearchAction\",\"target\":{\"@type\":\"EntryPoint\",\"urlTemplate\":\"https:\\\/\\\/lindholm-kakelugnar.com\\\/?s={search_term_string}\"},\"query-input\":{\"@type\":\"PropertyValueSpecification\",\"valueRequired\":true,\"valueName\":\"search_term_string\"}}],\"inLanguage\":\"sv-SE\"},{\"@type\":\"Organization\",\"@id\":\"https:\\\/\\\/lindholm-kakelugnar.com\\\/#organization\",\"name\":\"Lindholm Kakelugnar\",\"alternateName\":\"Lindholms\",\"url\":\"https:\\\/\\\/lindholm-kakelugnar.com\\\/\",\"logo\":{\"@type\":\"ImageObject\",\"inLanguage\":\"sv-SE\",\"@id\":\"https:\\\/\\\/lindholm-kakelugnar.com\\\/#\\\/schema\\\/logo\\\/image\\\/\",\"url\":\"https:\\\/\\\/lindholm-kakelugnar.com\\\/wp-content\\\/uploads\\\/2025\\\/02\\\/favicon-lindholm.png\",\"contentUrl\":\"https:\\\/\\\/lindholm-kakelugnar.com\\\/wp-content\\\/uploads\\\/2025\\\/02\\\/favicon-lindholm.png\",\"width\":512,\"height\":512,\"caption\":\"Lindholm Kakelugnar\"},\"image\":{\"@id\":\"https:\\\/\\\/lindholm-kakelugnar.com\\\/#\\\/schema\\\/logo\\\/image\\\/\"},\"sameAs\":[\"https:\\\/\\\/www.facebook.com\\\/LindholmKakelugnar\\\/\"]}]}<\/script>\n<!-- \/ Yoast SEO plugin. -->","yoast_head_json":{"title":"Nr. 235 D (S\u00c5LD). - Lindholm Kakelugnar","robots":{"index":"index","follow":"follow","max-snippet":"max-snippet:-1","max-image-preview":"max-image-preview:large","max-video-preview":"max-video-preview:-1"},"canonical":"https:\/\/lindholm-kakelugnar.com\/sv\/produkt\/nr-235-d\/","og_locale":"sv_SE","og_type":"article","og_title":"Nr. 235 D (S\u00c5LD). - Lindholm Kakelugnar","og_description":"En mycket fin rektangul\u00e4r sk\u00e4nkugn med gr\u00f6nst\u00e4nkt dekor, tillverkad ca. 1830. Kakelugnen har en fantastiskt l\u00e4cker skimrande glasyr, se detaljbilder. Ugnen hade tidigare \u00f6verm\u00e5lade eldstadsluckor, f\u00e4rgen har avl\u00e4gsnats och luckorna restaurerats till originalskick, se bilder p\u00e5 kakelugnen utlagd. Eldstadsluckor i pl\u00e5t och sotluckor i m\u00e4ssing. Denna kakelugn \u00e4r avsedd f\u00f6r montering mot rak v\u00e4gg, men [&hellip;]","og_url":"https:\/\/lindholm-kakelugnar.com\/sv\/produkt\/nr-235-d\/","og_site_name":"Lindholm Kakelugnar","article_publisher":"https:\/\/www.facebook.com\/LindholmKakelugnar\/","article_modified_time":"2026-04-27T04:45:36+00:00","og_image":[{"width":934,"height":1501,"url":"https:\/\/lindholm-kakelugnar.com\/wp-content\/uploads\/2018\/01\/rektangul\u00e4r_kakelugn_235D-1.jpg","type":"image\/jpeg"}],"twitter_card":"summary_large_image","twitter_misc":{"Ber\u00e4knad l\u00e4stid":"1 minut"},"schema":{"@context":"https:\/\/schema.org","@graph":[{"@type":"WebPage","@id":"https:\/\/lindholm-kakelugnar.com\/produkt\/nr-235-d\/","url":"https:\/\/lindholm-kakelugnar.com\/produkt\/nr-235-d\/","name":"Nr. 235 D (S\u00c5LD). - Lindholm Kakelugnar","isPartOf":{"@id":"https:\/\/lindholm-kakelugnar.com\/#website"},"primaryImageOfPage":{"@id":"https:\/\/lindholm-kakelugnar.com\/produkt\/nr-235-d\/#primaryimage"},"image":{"@id":"https:\/\/lindholm-kakelugnar.com\/produkt\/nr-235-d\/#primaryimage"},"thumbnailUrl":"https:\/\/lindholm-kakelugnar.com\/wp-content\/uploads\/2018\/01\/rektangul\u00e4r_kakelugn_235D-1.jpg","datePublished":"2017-09-14T12:58:07+00:00","dateModified":"2026-04-27T04:45:36+00:00","breadcrumb":{"@id":"https:\/\/lindholm-kakelugnar.com\/produkt\/nr-235-d\/#breadcrumb"},"inLanguage":"sv-SE","potentialAction":[{"@type":"ReadAction","target":["https:\/\/lindholm-kakelugnar.com\/produkt\/nr-235-d\/"]}]},{"@type":"ImageObject","inLanguage":"sv-SE","@id":"https:\/\/lindholm-kakelugnar.com\/produkt\/nr-235-d\/#primaryimage","url":"https:\/\/lindholm-kakelugnar.com\/wp-content\/uploads\/2018\/01\/rektangul\u00e4r_kakelugn_235D-1.jpg","contentUrl":"https:\/\/lindholm-kakelugnar.com\/wp-content\/uploads\/2018\/01\/rektangul\u00e4r_kakelugn_235D-1.jpg","width":934,"height":1501},{"@type":"BreadcrumbList","@id":"https:\/\/lindholm-kakelugnar.com\/produkt\/nr-235-d\/#breadcrumb","itemListElement":[{"@type":"ListItem","position":1,"name":"Start","item":"https:\/\/lindholm-kakelugnar.com\/"},{"@type":"ListItem","position":2,"name":"Uppt\u00e4ck v\u00e5r kollektion av klassiska kakelugnar","item":"https:\/\/lindholm-kakelugnar.com\/kakelugnar\/"},{"@type":"ListItem","position":3,"name":"Nr. 235 D (S\u00c5LD)."}]},{"@type":"WebSite","@id":"https:\/\/lindholm-kakelugnar.com\/#website","url":"https:\/\/lindholm-kakelugnar.com\/","name":"Lindholm Kakelugnar","description":"S\u00e4ljer och monterar antika kakelugnar","publisher":{"@id":"https:\/\/lindholm-kakelugnar.com\/#organization"},"potentialAction":[{"@type":"SearchAction","target":{"@type":"EntryPoint","urlTemplate":"https:\/\/lindholm-kakelugnar.com\/?s={search_term_string}"},"query-input":{"@type":"PropertyValueSpecification","valueRequired":true,"valueName":"search_term_string"}}],"inLanguage":"sv-SE"},{"@type":"Organization","@id":"https:\/\/lindholm-kakelugnar.com\/#organization","name":"Lindholm Kakelugnar","alternateName":"Lindholms","url":"https:\/\/lindholm-kakelugnar.com\/","logo":{"@type":"ImageObject","inLanguage":"sv-SE","@id":"https:\/\/lindholm-kakelugnar.com\/#\/schema\/logo\/image\/","url":"https:\/\/lindholm-kakelugnar.com\/wp-content\/uploads\/2025\/02\/favicon-lindholm.png","contentUrl":"https:\/\/lindholm-kakelugnar.com\/wp-content\/uploads\/2025\/02\/favicon-lindholm.png","width":512,"height":512,"caption":"Lindholm Kakelugnar"},"image":{"@id":"https:\/\/lindholm-kakelugnar.com\/#\/schema\/logo\/image\/"},"sameAs":["https:\/\/www.facebook.com\/LindholmKakelugnar\/"]}]}},"_links":{"self":[{"href":"https:\/\/lindholm-kakelugnar.com\/sv\/wp-json\/wp\/v2\/product\/2323","targetHints":{"allow":["GET"]}}],"collection":[{"href":"https:\/\/lindholm-kakelugnar.com\/sv\/wp-json\/wp\/v2\/product"}],"about":[{"href":"https:\/\/lindholm-kakelugnar.com\/sv\/wp-json\/wp\/v2\/types\/product"}],"wp:featuredmedia":[{"embeddable":true,"href":"https:\/\/lindholm-kakelugnar.com\/sv\/wp-json\/wp\/v2\/media\/3227"}],"wp:attachment":[{"href":"https:\/\/lindholm-kakelugnar.com\/sv\/wp-json\/wp\/v2\/media?parent=2323"}],"wp:term":[{"taxonomy":"product_brand","embeddable":true,"href":"https:\/\/lindholm-kakelugnar.com\/sv\/wp-json\/wp\/v2\/product_brand?post=2323"},{"taxonomy":"product_cat","embeddable":true,"href":"https:\/\/lindholm-kakelugnar.com\/sv\/wp-json\/wp\/v2\/product_cat?post=2323"},{"taxonomy":"product_tag","embeddable":true,"href":"https:\/\/lindholm-kakelugnar.com\/sv\/wp-json\/wp\/v2\/product_tag?post=2323"}],"curies":[{"name":"wp","href":"https:\/\/api.w.org\/{rel}","templated":true}]}}